{"id":67,"date":"2019-10-23T09:50:16","date_gmt":"2019-10-23T07:50:16","guid":{"rendered":"http:\/\/pizza-hyeres.com\/?page_id=67"},"modified":"2023-06-22T17:51:24","modified_gmt":"2023-06-22T15:51:24","slug":"acces-contact","status":"publish","type":"page","link":"https:\/\/pizza-hyeres.com\/index.php\/acces-contact\/","title":{"rendered":"Acc\u00e8s \/ Contact"},"content":{"rendered":"\n<div class=\"wp-block-columns has-2-columns\">\n<div class=\"wp-block-column\">\n<h2 class=\"has-text-align-center has-luminous-vivid-amber-color has-text-color\" id=\"mce_6\">Pizza Bruno La Badine &#8211; Giens<\/h2>\n\n\n\n<p class=\"has-text-align-center has-medium-font-size\"><a href=\"https:\/\/www.google.com\/maps\/d\/edit?mid=1T6jgTsCsJjnYCTm8cYM86WInlOWBD1ME&amp;usp=sharing\">354 boulevard Alsace Lorraine 83400 HYERES<\/a><\/p>\n\n\n\n<p class=\"has-text-align-center\"><em>Cuisson feu de bois &#8211; Vente \u00e0 emporter ou sur place<\/em><\/p>\n\n\n\n<div class=\"wp-block-buttons is-content-justification-center\">\n<div class=\"wp-block-button\"><a class=\"wp-block-button__link has-background\" style=\"background:linear-gradient(135deg,rgb(254,205,165) 0%,rgb(254,45,45) 50%,rgb(107,0,2) 100%)\"> <strong>Tel :  04.94.27.36.84 <\/strong> <\/a><\/div>\n<\/div>\n\n\n\n<div class=\"wp-block-image\"><figure class=\"aligncenter size-medium\"><img loading=\"lazy\" width=\"300\" height=\"200\" src=\"https:\/\/pizza-hyeres.com\/wp-content\/uploads\/2021\/09\/z-DSC_1324-Grand-300x200.jpg\" alt=\"\" class=\"wp-image-760\" srcset=\"https:\/\/pizza-hyeres.com\/wp-content\/uploads\/2021\/09\/z-DSC_1324-Grand-300x200.jpg 300w, https:\/\/pizza-hyeres.com\/wp-content\/uploads\/2021\/09\/z-DSC_1324-Grand-1024x683.jpg 1024w, https:\/\/pizza-hyeres.com\/wp-content\/uploads\/2021\/09\/z-DSC_1324-Grand-768x512.jpg 768w, https:\/\/pizza-hyeres.com\/wp-content\/uploads\/2021\/09\/z-DSC_1324-Grand-1536x1024.jpg 1536w, https:\/\/pizza-hyeres.com\/wp-content\/uploads\/2021\/09\/z-DSC_1324-Grand.jpg 1620w\" sizes=\"(max-width: 300px) 100vw, 300px\" \/><\/figure><\/div>\n\n\n\n<hr class=\"wp-block-separator is-style-wide\"\/>\n\n\n\n<h2 class=\"has-text-align-center has-luminous-vivid-amber-color has-text-color\" id=\"mce_6\">Pizza Bruno Les 3 \u00celes &#8211; La Tour Fondue Giens<\/h2>\n\n\n\n<p class=\"has-text-align-center has-medium-font-size\"><a href=\"https:\/\/www.google.com\/maps\/d\/edit?mid=1nshDnLA5B0X91dX5aQlnVyX4naxlilI4&amp;usp=sharing\">Rue Fran\u00e7ois Joseph Fournier Port de la tour Fondue 83400 HYERES<\/a><\/p>\n\n\n\n<p class=\"has-text-align-center\"><em>Vente \u00e0 emporter ou sur place<\/em><\/p>\n\n\n\n<div class=\"wp-block-buttons is-content-justification-center\">\n<div class=\"wp-block-button\"><a class=\"wp-block-button__link has-background\" style=\"background:linear-gradient(135deg,rgb(254,205,165) 0%,rgb(254,45,45) 50%,rgb(107,0,2) 100%)\"> <strong>Tel : <strong>04.94.58.58.34<\/strong><\/strong> <\/a><\/div>\n<\/div>\n\n\n\n<div class=\"wp-block-image\"><figure class=\"aligncenter size-medium\"><img loading=\"lazy\" width=\"300\" height=\"200\" src=\"https:\/\/pizza-hyeres.com\/wp-content\/uploads\/2021\/09\/z-DSC_1802-Grand-300x200.jpg\" alt=\"\" class=\"wp-image-807\" srcset=\"https:\/\/pizza-hyeres.com\/wp-content\/uploads\/2021\/09\/z-DSC_1802-Grand-300x200.jpg 300w, https:\/\/pizza-hyeres.com\/wp-content\/uploads\/2021\/09\/z-DSC_1802-Grand-1024x683.jpg 1024w, https:\/\/pizza-hyeres.com\/wp-content\/uploads\/2021\/09\/z-DSC_1802-Grand-768x512.jpg 768w, https:\/\/pizza-hyeres.com\/wp-content\/uploads\/2021\/09\/z-DSC_1802-Grand-1536x1024.jpg 1536w, https:\/\/pizza-hyeres.com\/wp-content\/uploads\/2021\/09\/z-DSC_1802-Grand.jpg 1620w\" sizes=\"(max-width: 300px) 100vw, 300px\" \/><\/figure><\/div>\n<\/div>\n<\/div>\n\n\n\n<hr class=\"wp-block-separator is-style-wide\"\/>\n\n\n\n<div style=\"height:30px\" aria-hidden=\"true\" class=\"wp-block-spacer\"><\/div>\n\n\n\n<div class=\"wp-block-columns has-2-columns\">\n<div class=\"wp-block-column\">\n<h2 class=\"has-text-align-center has-luminous-vivid-amber-color has-text-color\">Pizza Bruno La Bergerie &#8211; Giens<\/h2>\n\n\n\n<p class=\"has-text-align-center has-medium-font-size\"><a href=\"https:\/\/www.google.com\/maps\/d\/edit?mid=1dquhNKD1BUXlqbvpfkdHum11Gdz4Goa7&amp;usp=sharing\">4231 route de Giens 83400 Hy\u00e8res<\/a><\/p>\n\n\n\n<p class=\"has-text-align-center\"><em>Cuisson feu de bois &#8211; Vente \u00e0 emporter<\/em><\/p>\n\n\n\n<div class=\"wp-block-buttons is-content-justification-center\">\n<div class=\"wp-block-button\"><a class=\"wp-block-button__link has-background\" style=\"background:linear-gradient(135deg,rgb(254,205,165) 0%,rgb(254,45,45) 50%,rgb(107,0,2) 100%)\"> <strong>Tel :  07.56.15.05.06<\/strong> <\/a><\/div>\n<\/div>\n\n\n\n<div class=\"wp-block-image\"><figure class=\"aligncenter size-medium\"><img loading=\"lazy\" width=\"300\" height=\"169\" src=\"https:\/\/pizza-hyeres.com\/wp-content\/uploads\/2021\/09\/vlcsnap-2021-09-17-16h23m16s426-300x169.jpg\" alt=\"\" class=\"wp-image-772\" srcset=\"https:\/\/pizza-hyeres.com\/wp-content\/uploads\/2021\/09\/vlcsnap-2021-09-17-16h23m16s426-300x169.jpg 300w, https:\/\/pizza-hyeres.com\/wp-content\/uploads\/2021\/09\/vlcsnap-2021-09-17-16h23m16s426-1024x576.jpg 1024w, https:\/\/pizza-hyeres.com\/wp-content\/uploads\/2021\/09\/vlcsnap-2021-09-17-16h23m16s426-768x432.jpg 768w, https:\/\/pizza-hyeres.com\/wp-content\/uploads\/2021\/09\/vlcsnap-2021-09-17-16h23m16s426-1536x864.jpg 1536w, https:\/\/pizza-hyeres.com\/wp-content\/uploads\/2021\/09\/vlcsnap-2021-09-17-16h23m16s426.jpg 1920w\" sizes=\"(max-width: 300px) 100vw, 300px\" \/><\/figure><\/div>\n<\/div>\n<\/div>\n\n\n\n<hr class=\"wp-block-separator is-style-wide\"\/>\n\n\n\n<div style=\"height:30px\" aria-hidden=\"true\" class=\"wp-block-spacer\"><\/div>\n\n\n\n<div class=\"wp-block-columns has-2-columns\">\n<div class=\"wp-block-column\">\n<h2 class=\"has-text-align-center has-luminous-vivid-amber-color has-text-color\">Pizza Bruno L&#8217;Ayguade<\/h2>\n\n\n\n<p class=\"has-text-align-center\"><a href=\"https:\/\/www.google.com\/maps\/d\/edit?mid=1nzw8h8fNWx1b8fszRWM1CHkQ4KUDCHue&amp;usp=sharing\">435 Rue du Ceinturon 83400 Hy\u00e8res<\/a><\/p>\n\n\n\n<p class=\"has-text-align-center\"><em>Cuisson feu de bois &#8211; Vente \u00e0 emporter<\/em> <em>(sur place : contactez-nous par t\u00e9l\u00e9phone)<\/em><\/p>\n\n\n\n<p>PIZZERIA FERMEE &#8211; REOUVERTURE AVRIL 2023<\/p>\n\n\n\n<div class=\"wp-block-buttons is-content-justification-center\">\n<div class=\"wp-block-button\"><a class=\"wp-block-button__link has-background\" style=\"background:linear-gradient(135deg,rgb(254,205,165) 0%,rgb(254,45,45) 50%,rgb(107,0,2) 100%)\"> <strong>Tel : 04.94.21.19.66<\/strong> <\/a><\/div>\n<\/div>\n\n\n\n<div class=\"wp-block-image\"><figure class=\"aligncenter size-medium\"><img loading=\"lazy\" width=\"300\" height=\"225\" src=\"https:\/\/pizza-hyeres.com\/wp-content\/uploads\/2021\/10\/Pin-DJI_20210819_191434_235-300x225.jpg\" alt=\"\" class=\"wp-image-954\" srcset=\"https:\/\/pizza-hyeres.com\/wp-content\/uploads\/2021\/10\/Pin-DJI_20210819_191434_235-300x225.jpg 300w, https:\/\/pizza-hyeres.com\/wp-content\/uploads\/2021\/10\/Pin-DJI_20210819_191434_235-1024x768.jpg 1024w, https:\/\/pizza-hyeres.com\/wp-content\/uploads\/2021\/10\/Pin-DJI_20210819_191434_235-768x576.jpg 768w, https:\/\/pizza-hyeres.com\/wp-content\/uploads\/2021\/10\/Pin-DJI_20210819_191434_235-1536x1152.jpg 1536w, https:\/\/pizza-hyeres.com\/wp-content\/uploads\/2021\/10\/Pin-DJI_20210819_191434_235-2048x1536.jpg 2048w\" sizes=\"(max-width: 300px) 100vw, 300px\" \/><\/figure><\/div>\n\n\n\n<hr class=\"wp-block-separator is-style-wide\"\/>\n\n\n\n<div style=\"height:32px\" aria-hidden=\"true\" class=\"wp-block-spacer\"><\/div>\n\n\n\n<h2 class=\"has-text-align-center has-luminous-vivid-amber-color has-text-color\">Pizza Bruno Les Jardins de Manon<\/h2>\n\n\n\n<p class=\"has-text-align-center\"><a href=\"https:\/\/www.google.com\/maps\/d\/u\/0\/edit?mid=1p5HBScoX4ljAFdwDaR906c-OL2XgWAmQ&amp;ll=43.08041044675624%2C6.156341406554748&amp;z=18\">2 avenue Gavine Port de la Gavine 83400 Hy\u00e8res<\/a><\/p>\n\n\n\n<p class=\"has-text-align-center\"><em>Vente \u00e0 emporter<\/em> <em>et sur place<\/em><\/p>\n\n\n\n<div class=\"wp-block-buttons is-content-justification-center\">\n<div class=\"wp-block-button\"><a class=\"wp-block-button__link has-background\" style=\"background:linear-gradient(135deg,rgb(254,205,165) 0%,rgb(254,45,45) 50%,rgb(107,0,2) 100%)\"><strong> Tel : 04.94.57.54.43<\/strong><\/a><\/div>\n<\/div>\n\n\n\n<div class=\"wp-block-image\"><figure class=\"aligncenter size-medium\"><img loading=\"lazy\" width=\"300\" height=\"200\" src=\"https:\/\/pizza-hyeres.com\/wp-content\/uploads\/2021\/10\/DSC_1118bis-Copie-Grand-300x200.jpg\" alt=\"\" class=\"wp-image-918\" srcset=\"https:\/\/pizza-hyeres.com\/wp-content\/uploads\/2021\/10\/DSC_1118bis-Copie-Grand-300x200.jpg 300w, https:\/\/pizza-hyeres.com\/wp-content\/uploads\/2021\/10\/DSC_1118bis-Copie-Grand-1024x683.jpg 1024w, https:\/\/pizza-hyeres.com\/wp-content\/uploads\/2021\/10\/DSC_1118bis-Copie-Grand-768x512.jpg 768w, https:\/\/pizza-hyeres.com\/wp-content\/uploads\/2021\/10\/DSC_1118bis-Copie-Grand-1536x1024.jpg 1536w, https:\/\/pizza-hyeres.com\/wp-content\/uploads\/2021\/10\/DSC_1118bis-Copie-Grand.jpg 1620w\" sizes=\"(max-width: 300px) 100vw, 300px\" \/><\/figure><\/div>\n<\/div>\n<\/div>\n","protected":false},"excerpt":{"rendered":"<p>Pizza Bruno La Badine &#8211; Giens 354 boulevard Alsace Lorraine 83400 HYERES Cuisson feu de bois &#8211; Vente \u00e0 emporter ou sur place Pizza Bruno Les 3 \u00celes &#8211; La Tour Fondue Giens Rue Fran\u00e7ois Joseph Fournier Port de la tour Fondue 83400 HYERES Vente \u00e0 emporter ou sur place Pizza Bruno La Bergerie &#8211; [&hellip;]<\/p>\n","protected":false},"author":1,"featured_media":0,"parent":0,"menu_order":0,"comment_status":"closed","ping_status":"closed","template":"","meta":[],"_links":{"self":[{"href":"https:\/\/pizza-hyeres.com\/index.php\/wp-json\/wp\/v2\/pages\/67"}],"collection":[{"href":"https:\/\/pizza-hyeres.com\/index.php\/wp-json\/wp\/v2\/pages"}],"about":[{"href":"https:\/\/pizza-hyeres.com\/index.php\/wp-json\/wp\/v2\/types\/page"}],"author":[{"embeddable":true,"href":"https:\/\/pizza-hyeres.com\/index.php\/wp-json\/wp\/v2\/users\/1"}],"replies":[{"embeddable":true,"href":"https:\/\/pizza-hyeres.com\/index.php\/wp-json\/wp\/v2\/comments?post=67"}],"version-history":[{"count":66,"href":"https:\/\/pizza-hyeres.com\/index.php\/wp-json\/wp\/v2\/pages\/67\/revisions"}],"predecessor-version":[{"id":1120,"href":"https:\/\/pizza-hyeres.com\/index.php\/wp-json\/wp\/v2\/pages\/67\/revisions\/1120"}],"wp:attachment":[{"href":"https:\/\/pizza-hyeres.com\/index.php\/wp-json\/wp\/v2\/media?parent=67"}],"curies":[{"name":"wp","href":"https:\/\/api.w.org\/{rel}","templated":true}]}}