{"id":504,"date":"2021-05-27T22:37:17","date_gmt":"2021-05-27T20:37:17","guid":{"rendered":"https:\/\/pizza-hyeres.com\/?page_id=504"},"modified":"2024-01-31T16:03:08","modified_gmt":"2024-01-31T15:03:08","slug":"pizza-les-3-iles-la-tour-fondue","status":"publish","type":"page","link":"https:\/\/pizza-hyeres.com\/index.php\/pizza-les-3-iles-la-tour-fondue\/","title":{"rendered":"Pizzeria Les 3 Iles &#8211; La Tour Fondue"},"content":{"rendered":"\n<p class=\"has-text-align-center has-luminous-vivid-amber-color has-text-color has-medium-font-size\"><strong>NOTRE PIZZERIA<\/strong><\/p>\n\n\n\n<p class=\"has-text-align-center\">Notre pizzeria Bruno situ\u00e9e \u00e0 la Tour Fondue.<\/p>\n\n\n\n<div class=\"wp-block-buttons is-content-justification-center\">\n<div class=\"wp-block-button\"><a class=\"wp-block-button__link has-white-color has-vivid-red-background-color has-text-color has-background\" href=\"https:\/\/pizza-hyeres.com\/index.php\/carte-pizzerias-bruno\/\"><strong>CONSULTER LA CARTE<\/strong><\/a><\/div>\n<\/div>\n\n\n\n<hr class=\"wp-block-separator is-style-wide\"\/>\n\n\n\n<h2 class=\"has-text-align-center has-luminous-vivid-amber-color has-text-color\">PHOTOS<\/h2>\n\n\n\n<figure class=\"wp-block-gallery columns-3 is-cropped\"><ul class=\"blocks-gallery-grid\"><li class=\"blocks-gallery-item\"><figure><img loading=\"lazy\" width=\"1024\" height=\"683\" src=\"https:\/\/pizza-hyeres.com\/wp-content\/uploads\/2021\/09\/z-DSC_1802-Grand-1024x683.jpg\" alt=\"\" data-id=\"807\" data-full-url=\"https:\/\/pizza-hyeres.com\/wp-content\/uploads\/2021\/09\/z-DSC_1802-Grand.jpg\" data-link=\"https:\/\/pizza-hyeres.com\/index.php\/pizza-les-3-iles-la-tour-fondue\/z-dsc_1802-grand\/\" class=\"wp-image-807\" srcset=\"https:\/\/pizza-hyeres.com\/wp-content\/uploads\/2021\/09\/z-DSC_1802-Grand-1024x683.jpg 1024w, https:\/\/pizza-hyeres.com\/wp-content\/uploads\/2021\/09\/z-DSC_1802-Grand-300x200.jpg 300w, https:\/\/pizza-hyeres.com\/wp-content\/uploads\/2021\/09\/z-DSC_1802-Grand-768x512.jpg 768w, https:\/\/pizza-hyeres.com\/wp-content\/uploads\/2021\/09\/z-DSC_1802-Grand-1536x1024.jpg 1536w, https:\/\/pizza-hyeres.com\/wp-content\/uploads\/2021\/09\/z-DSC_1802-Grand.jpg 1620w\" sizes=\"(max-width: 1024px) 100vw, 1024px\" \/><\/figure><\/li><li class=\"blocks-gallery-item\"><figure><img loading=\"lazy\" width=\"1024\" height=\"683\" src=\"https:\/\/pizza-hyeres.com\/wp-content\/uploads\/2021\/09\/z-DSC_1831-Grand-1024x683.jpg\" alt=\"\" data-id=\"808\" data-full-url=\"https:\/\/pizza-hyeres.com\/wp-content\/uploads\/2021\/09\/z-DSC_1831-Grand.jpg\" data-link=\"https:\/\/pizza-hyeres.com\/index.php\/pizza-les-3-iles-la-tour-fondue\/z-dsc_1831-grand\/\" class=\"wp-image-808\" srcset=\"https:\/\/pizza-hyeres.com\/wp-content\/uploads\/2021\/09\/z-DSC_1831-Grand-1024x683.jpg 1024w, https:\/\/pizza-hyeres.com\/wp-content\/uploads\/2021\/09\/z-DSC_1831-Grand-300x200.jpg 300w, https:\/\/pizza-hyeres.com\/wp-content\/uploads\/2021\/09\/z-DSC_1831-Grand-768x512.jpg 768w, https:\/\/pizza-hyeres.com\/wp-content\/uploads\/2021\/09\/z-DSC_1831-Grand-1536x1024.jpg 1536w, https:\/\/pizza-hyeres.com\/wp-content\/uploads\/2021\/09\/z-DSC_1831-Grand.jpg 1620w\" sizes=\"(max-width: 1024px) 100vw, 1024px\" \/><\/figure><\/li><li class=\"blocks-gallery-item\"><figure><img loading=\"lazy\" width=\"1024\" height=\"683\" src=\"https:\/\/pizza-hyeres.com\/wp-content\/uploads\/2021\/09\/z-DSC_1837-Grand-1024x683.jpg\" alt=\"\" data-id=\"809\" data-full-url=\"https:\/\/pizza-hyeres.com\/wp-content\/uploads\/2021\/09\/z-DSC_1837-Grand.jpg\" data-link=\"https:\/\/pizza-hyeres.com\/index.php\/pizza-les-3-iles-la-tour-fondue\/z-dsc_1837-grand\/\" class=\"wp-image-809\" srcset=\"https:\/\/pizza-hyeres.com\/wp-content\/uploads\/2021\/09\/z-DSC_1837-Grand-1024x683.jpg 1024w, https:\/\/pizza-hyeres.com\/wp-content\/uploads\/2021\/09\/z-DSC_1837-Grand-300x200.jpg 300w, https:\/\/pizza-hyeres.com\/wp-content\/uploads\/2021\/09\/z-DSC_1837-Grand-768x512.jpg 768w, https:\/\/pizza-hyeres.com\/wp-content\/uploads\/2021\/09\/z-DSC_1837-Grand-1536x1024.jpg 1536w, https:\/\/pizza-hyeres.com\/wp-content\/uploads\/2021\/09\/z-DSC_1837-Grand.jpg 1620w\" sizes=\"(max-width: 1024px) 100vw, 1024px\" \/><\/figure><\/li><li class=\"blocks-gallery-item\"><figure><img loading=\"lazy\" width=\"1024\" height=\"646\" src=\"https:\/\/pizza-hyeres.com\/wp-content\/uploads\/2021\/09\/z-DSC_1848-Grand-1024x646.jpg\" alt=\"\" data-id=\"810\" data-full-url=\"https:\/\/pizza-hyeres.com\/wp-content\/uploads\/2021\/09\/z-DSC_1848-Grand.jpg\" data-link=\"https:\/\/pizza-hyeres.com\/index.php\/pizza-les-3-iles-la-tour-fondue\/z-dsc_1848-grand\/\" class=\"wp-image-810\" srcset=\"https:\/\/pizza-hyeres.com\/wp-content\/uploads\/2021\/09\/z-DSC_1848-Grand-1024x646.jpg 1024w, https:\/\/pizza-hyeres.com\/wp-content\/uploads\/2021\/09\/z-DSC_1848-Grand-300x189.jpg 300w, https:\/\/pizza-hyeres.com\/wp-content\/uploads\/2021\/09\/z-DSC_1848-Grand-768x484.jpg 768w, https:\/\/pizza-hyeres.com\/wp-content\/uploads\/2021\/09\/z-DSC_1848-Grand-1536x969.jpg 1536w, https:\/\/pizza-hyeres.com\/wp-content\/uploads\/2021\/09\/z-DSC_1848-Grand.jpg 1712w\" sizes=\"(max-width: 1024px) 100vw, 1024px\" \/><\/figure><\/li><li class=\"blocks-gallery-item\"><figure><img loading=\"lazy\" width=\"1024\" height=\"683\" src=\"https:\/\/pizza-hyeres.com\/wp-content\/uploads\/2021\/09\/z-DSC_1853-Grand-1024x683.jpg\" alt=\"\" data-id=\"811\" data-full-url=\"https:\/\/pizza-hyeres.com\/wp-content\/uploads\/2021\/09\/z-DSC_1853-Grand.jpg\" data-link=\"https:\/\/pizza-hyeres.com\/index.php\/pizza-les-3-iles-la-tour-fondue\/z-dsc_1853-grand\/\" class=\"wp-image-811\" srcset=\"https:\/\/pizza-hyeres.com\/wp-content\/uploads\/2021\/09\/z-DSC_1853-Grand-1024x683.jpg 1024w, https:\/\/pizza-hyeres.com\/wp-content\/uploads\/2021\/09\/z-DSC_1853-Grand-300x200.jpg 300w, https:\/\/pizza-hyeres.com\/wp-content\/uploads\/2021\/09\/z-DSC_1853-Grand-768x512.jpg 768w, https:\/\/pizza-hyeres.com\/wp-content\/uploads\/2021\/09\/z-DSC_1853-Grand-1536x1024.jpg 1536w, https:\/\/pizza-hyeres.com\/wp-content\/uploads\/2021\/09\/z-DSC_1853-Grand.jpg 1620w\" sizes=\"(max-width: 1024px) 100vw, 1024px\" \/><\/figure><\/li><li class=\"blocks-gallery-item\"><figure><img loading=\"lazy\" width=\"1024\" height=\"683\" src=\"https:\/\/pizza-hyeres.com\/wp-content\/uploads\/2021\/09\/z-DSC_2012-Grand-1024x683.jpg\" alt=\"\" data-id=\"812\" data-full-url=\"https:\/\/pizza-hyeres.com\/wp-content\/uploads\/2021\/09\/z-DSC_2012-Grand.jpg\" data-link=\"https:\/\/pizza-hyeres.com\/index.php\/pizza-les-3-iles-la-tour-fondue\/z-dsc_2012-grand\/\" class=\"wp-image-812\" srcset=\"https:\/\/pizza-hyeres.com\/wp-content\/uploads\/2021\/09\/z-DSC_2012-Grand-1024x683.jpg 1024w, https:\/\/pizza-hyeres.com\/wp-content\/uploads\/2021\/09\/z-DSC_2012-Grand-300x200.jpg 300w, https:\/\/pizza-hyeres.com\/wp-content\/uploads\/2021\/09\/z-DSC_2012-Grand-768x512.jpg 768w, https:\/\/pizza-hyeres.com\/wp-content\/uploads\/2021\/09\/z-DSC_2012-Grand-1536x1024.jpg 1536w, https:\/\/pizza-hyeres.com\/wp-content\/uploads\/2021\/09\/z-DSC_2012-Grand.jpg 1620w\" sizes=\"(max-width: 1024px) 100vw, 1024px\" \/><\/figure><\/li><\/ul><\/figure>\n\n\n\n<hr class=\"wp-block-separator is-style-wide\"\/>\n\n\n\n<h2 class=\"has-text-align-center has-luminous-vivid-amber-color has-text-color\">CONTACT \/ ACC\u00c8S<\/h2>\n\n\n\n<p class=\"has-text-align-center has-medium-font-size\">PIZZERIA BRUNO LES 3 ILES<br>Rue Fran\u00e7ois Joseph Fournier<br>Port de la Tour Fondue<br>83400 Hy\u00e8res<\/p>\n\n\n\n<div class=\"wp-block-buttons is-content-justification-center\">\n<div class=\"wp-block-button has-custom-font-size has-medium-font-size\"><a class=\"wp-block-button__link has-background\" style=\"background:linear-gradient(135deg,rgb(254,205,165) 0%,rgb(254,45,45) 50%,rgb(107,0,2) 100%)\"><strong> Tel : <strong>04.94.58.58.34<\/strong><\/strong><\/a><\/div>\n<\/div>\n\n\n\n<hr class=\"wp-block-separator is-style-wide\"\/>\n\n\n\n<h2 class=\"has-text-align-center has-luminous-vivid-amber-color has-text-color\">FOLLOW US !<\/h2>\n\n\n\n<ul class=\"wp-block-social-links aligncenter has-large-icon-size items-justified-center is-style-pill-shape\"><li class=\"wp-social-link wp-social-link-facebook wp-block-social-link\"><a href=\"https:\/\/www.facebook.com\/Pizza-Bruno-Les-Trois-%C3%AEles-2105464706419527\/?ref=pages_you_manage\" aria-label=\"Facebook\u00a0: https:\/\/www.facebook.com\/Pizza-Bruno-Les-Trois-%C3%AEles-2105464706419527\/?ref=pages_you_manage\" rel=\"noopener nofollow\" target=\"_blank\" class=\"wp-block-social-link-anchor\"> <svg width=\"24\" height=\"24\" viewBox=\"0 0 24 24\" version=\"1.1\" xmlns=\"http:\/\/www.w3.org\/2000\/svg\" role=\"img\" aria-hidden=\"true\" focusable=\"false\"><path d=\"M12 2C6.5 2 2 6.5 2 12c0 5 3.7 9.1 8.4 9.9v-7H7.9V12h2.5V9.8c0-2.5 1.5-3.9 3.8-3.9 1.1 0 2.2.2 2.2.2v2.5h-1.3c-1.2 0-1.6.8-1.6 1.6V12h2.8l-.4 2.9h-2.3v7C18.3 21.1 22 17 22 12c0-5.5-4.5-10-10-10z\"><\/path><\/svg><\/a><\/li><\/ul>\n\n\n\n<hr class=\"wp-block-separator is-style-wide\"\/>\n\n\n\n<h2 class=\"has-text-align-center has-luminous-vivid-amber-color has-text-color\">COMMENT S&#8217;Y RENDRE<\/h2>\n\n\n\n<iframe loading=\"lazy\" src=\"https:\/\/www.google.com\/maps\/d\/embed?mid=1nshDnLA5B0X91dX5aQlnVyX4naxlilI4\" width=\"640\" height=\"480\"><\/iframe>\n","protected":false},"excerpt":{"rendered":"<p>NOTRE PIZZERIA Notre pizzeria Bruno situ\u00e9e \u00e0 la Tour Fondue. PHOTOS CONTACT \/ ACC\u00c8S PIZZERIA BRUNO LES 3 ILESRue Fran\u00e7ois Joseph FournierPort de la Tour Fondue83400 Hy\u00e8res FOLLOW US ! COMMENT S&#8217;Y RENDRE<\/p>\n","protected":false},"author":1,"featured_media":0,"parent":0,"menu_order":0,"comment_status":"closed","ping_status":"closed","template":"","meta":[],"_links":{"self":[{"href":"https:\/\/pizza-hyeres.com\/index.php\/wp-json\/wp\/v2\/pages\/504"}],"collection":[{"href":"https:\/\/pizza-hyeres.com\/index.php\/wp-json\/wp\/v2\/pages"}],"about":[{"href":"https:\/\/pizza-hyeres.com\/index.php\/wp-json\/wp\/v2\/types\/page"}],"author":[{"embeddable":true,"href":"https:\/\/pizza-hyeres.com\/index.php\/wp-json\/wp\/v2\/users\/1"}],"replies":[{"embeddable":true,"href":"https:\/\/pizza-hyeres.com\/index.php\/wp-json\/wp\/v2\/comments?post=504"}],"version-history":[{"count":27,"href":"https:\/\/pizza-hyeres.com\/index.php\/wp-json\/wp\/v2\/pages\/504\/revisions"}],"predecessor-version":[{"id":1130,"href":"https:\/\/pizza-hyeres.com\/index.php\/wp-json\/wp\/v2\/pages\/504\/revisions\/1130"}],"wp:attachment":[{"href":"https:\/\/pizza-hyeres.com\/index.php\/wp-json\/wp\/v2\/media?parent=504"}],"curies":[{"name":"wp","href":"https:\/\/api.w.org\/{rel}","templated":true}]}}