{"id":38,"date":"2019-10-23T09:34:40","date_gmt":"2019-10-23T07:34:40","guid":{"rendered":"http:\/\/pizza-hyeres.com\/?page_id=38"},"modified":"2023-04-21T11:12:36","modified_gmt":"2023-04-21T09:12:36","slug":"pizza-layguade","status":"publish","type":"page","link":"https:\/\/pizza-hyeres.com\/index.php\/pizza-layguade\/","title":{"rendered":"Pizzeria L&#8217;Ayguade"},"content":{"rendered":"\n<h2 class=\"has-text-align-center has-luminous-vivid-amber-color has-text-color\">NOTRE PIZZERIA<\/h2>\n\n\n\n<div class=\"wp-block-button aligncenter\"><a class=\"wp-block-button__link has-background\" href=\"https:\/\/pizza-hyeres.com\/index.php\/carte-pizzerias-bruno\/\" style=\"background:linear-gradient(135deg,rgb(254,205,165) 0%,rgb(254,45,45) 50%,rgb(107,0,2) 99%)\"><strong>CONSULTER LA CARTE<\/strong><\/a><\/div>\n\n\n\n<p><\/p>\n\n\n\n<div style=\"height:20px\" aria-hidden=\"true\" class=\"wp-block-spacer\"><\/div>\n\n\n\n<hr class=\"wp-block-separator is-style-wide\"\/>\n\n\n\n<h2 class=\"has-text-align-center has-luminous-vivid-amber-color has-text-color\">PHOTOS<\/h2>\n\n\n\n<figure class=\"wp-block-gallery columns-3 is-cropped\"><ul class=\"blocks-gallery-grid\"><li class=\"blocks-gallery-item\"><figure><img loading=\"lazy\" width=\"1024\" height=\"683\" src=\"http:\/\/pizza-hyeres.com\/wp-content\/uploads\/2019\/10\/DSC_6543-Medium-1024x683.jpg\" alt=\"\" data-id=\"214\" data-link=\"http:\/\/pizza-hyeres.com\/index.php\/pizza-layguade\/dsc_6543-medium\/\" class=\"wp-image-214\" srcset=\"https:\/\/pizza-hyeres.com\/wp-content\/uploads\/2019\/10\/DSC_6543-Medium-1024x683.jpg 1024w, https:\/\/pizza-hyeres.com\/wp-content\/uploads\/2019\/10\/DSC_6543-Medium-300x200.jpg 300w, https:\/\/pizza-hyeres.com\/wp-content\/uploads\/2019\/10\/DSC_6543-Medium-768x512.jpg 768w, https:\/\/pizza-hyeres.com\/wp-content\/uploads\/2019\/10\/DSC_6543-Medium.jpg 1151w\" sizes=\"(max-width: 1024px) 100vw, 1024px\" \/><\/figure><\/li><li class=\"blocks-gallery-item\"><figure><img loading=\"lazy\" width=\"1024\" height=\"678\" src=\"http:\/\/pizza-hyeres.com\/wp-content\/uploads\/2019\/10\/DSC_2071-Medium-1024x678.jpg\" alt=\"\" data-id=\"215\" data-link=\"http:\/\/pizza-hyeres.com\/index.php\/pizza-layguade\/dsc_2071-medium\/\" class=\"wp-image-215\" srcset=\"https:\/\/pizza-hyeres.com\/wp-content\/uploads\/2019\/10\/DSC_2071-Medium-1024x678.jpg 1024w, https:\/\/pizza-hyeres.com\/wp-content\/uploads\/2019\/10\/DSC_2071-Medium-300x199.jpg 300w, https:\/\/pizza-hyeres.com\/wp-content\/uploads\/2019\/10\/DSC_2071-Medium-768x508.jpg 768w, https:\/\/pizza-hyeres.com\/wp-content\/uploads\/2019\/10\/DSC_2071-Medium.jpg 1160w\" sizes=\"(max-width: 1024px) 100vw, 1024px\" \/><\/figure><\/li><li class=\"blocks-gallery-item\"><figure><img loading=\"lazy\" width=\"1024\" height=\"678\" src=\"http:\/\/pizza-hyeres.com\/wp-content\/uploads\/2019\/10\/DSC_2077-Medium-1024x678.jpg\" alt=\"\" data-id=\"216\" data-link=\"http:\/\/pizza-hyeres.com\/index.php\/pizza-layguade\/dsc_2077-medium\/\" class=\"wp-image-216\" srcset=\"https:\/\/pizza-hyeres.com\/wp-content\/uploads\/2019\/10\/DSC_2077-Medium-1024x678.jpg 1024w, https:\/\/pizza-hyeres.com\/wp-content\/uploads\/2019\/10\/DSC_2077-Medium-300x199.jpg 300w, https:\/\/pizza-hyeres.com\/wp-content\/uploads\/2019\/10\/DSC_2077-Medium-768x508.jpg 768w, https:\/\/pizza-hyeres.com\/wp-content\/uploads\/2019\/10\/DSC_2077-Medium.jpg 1160w\" sizes=\"(max-width: 1024px) 100vw, 1024px\" \/><\/figure><\/li><li class=\"blocks-gallery-item\"><figure><img loading=\"lazy\" width=\"1024\" height=\"768\" src=\"https:\/\/pizza-hyeres.com\/wp-content\/uploads\/2021\/09\/z-DJI_20210819_191430_234-Grand-1024x768.jpg\" alt=\"\" data-id=\"788\" data-full-url=\"https:\/\/pizza-hyeres.com\/wp-content\/uploads\/2021\/09\/z-DJI_20210819_191430_234-Grand.jpg\" data-link=\"https:\/\/pizza-hyeres.com\/index.php\/pizza-layguade\/z-dji_20210819_191430_234-grand\/\" class=\"wp-image-788\" srcset=\"https:\/\/pizza-hyeres.com\/wp-content\/uploads\/2021\/09\/z-DJI_20210819_191430_234-Grand-1024x768.jpg 1024w, https:\/\/pizza-hyeres.com\/wp-content\/uploads\/2021\/09\/z-DJI_20210819_191430_234-Grand-300x225.jpg 300w, https:\/\/pizza-hyeres.com\/wp-content\/uploads\/2021\/09\/z-DJI_20210819_191430_234-Grand-768x576.jpg 768w, https:\/\/pizza-hyeres.com\/wp-content\/uploads\/2021\/09\/z-DJI_20210819_191430_234-Grand.jpg 1440w\" sizes=\"(max-width: 1024px) 100vw, 1024px\" \/><\/figure><\/li><li class=\"blocks-gallery-item\"><figure><img loading=\"lazy\" width=\"1024\" height=\"576\" src=\"https:\/\/pizza-hyeres.com\/wp-content\/uploads\/2021\/09\/z-Pin-vlcsnap-2021-09-21-11h38m05s291-Grand-1024x576.jpg\" alt=\"\" data-id=\"789\" data-full-url=\"https:\/\/pizza-hyeres.com\/wp-content\/uploads\/2021\/09\/z-Pin-vlcsnap-2021-09-21-11h38m05s291-Grand.jpg\" data-link=\"https:\/\/pizza-hyeres.com\/index.php\/pizza-layguade\/z-pin-vlcsnap-2021-09-21-11h38m05s291-grand\/\" class=\"wp-image-789\" srcset=\"https:\/\/pizza-hyeres.com\/wp-content\/uploads\/2021\/09\/z-Pin-vlcsnap-2021-09-21-11h38m05s291-Grand-1024x576.jpg 1024w, https:\/\/pizza-hyeres.com\/wp-content\/uploads\/2021\/09\/z-Pin-vlcsnap-2021-09-21-11h38m05s291-Grand-300x169.jpg 300w, https:\/\/pizza-hyeres.com\/wp-content\/uploads\/2021\/09\/z-Pin-vlcsnap-2021-09-21-11h38m05s291-Grand-768x432.jpg 768w, https:\/\/pizza-hyeres.com\/wp-content\/uploads\/2021\/09\/z-Pin-vlcsnap-2021-09-21-11h38m05s291-Grand-1536x864.jpg 1536w, https:\/\/pizza-hyeres.com\/wp-content\/uploads\/2021\/09\/z-Pin-vlcsnap-2021-09-21-11h38m05s291-Grand.jpg 1920w\" sizes=\"(max-width: 1024px) 100vw, 1024px\" \/><\/figure><\/li><li class=\"blocks-gallery-item\"><figure><img loading=\"lazy\" width=\"1024\" height=\"576\" src=\"https:\/\/pizza-hyeres.com\/wp-content\/uploads\/2021\/09\/z-vlcsnap-2021-09-21-11h36m14s104-Grand-1024x576.jpg\" alt=\"\" data-id=\"790\" data-full-url=\"https:\/\/pizza-hyeres.com\/wp-content\/uploads\/2021\/09\/z-vlcsnap-2021-09-21-11h36m14s104-Grand.jpg\" data-link=\"https:\/\/pizza-hyeres.com\/index.php\/pizza-layguade\/z-vlcsnap-2021-09-21-11h36m14s104-grand\/\" class=\"wp-image-790\" srcset=\"https:\/\/pizza-hyeres.com\/wp-content\/uploads\/2021\/09\/z-vlcsnap-2021-09-21-11h36m14s104-Grand-1024x576.jpg 1024w, https:\/\/pizza-hyeres.com\/wp-content\/uploads\/2021\/09\/z-vlcsnap-2021-09-21-11h36m14s104-Grand-300x169.jpg 300w, https:\/\/pizza-hyeres.com\/wp-content\/uploads\/2021\/09\/z-vlcsnap-2021-09-21-11h36m14s104-Grand-768x432.jpg 768w, https:\/\/pizza-hyeres.com\/wp-content\/uploads\/2021\/09\/z-vlcsnap-2021-09-21-11h36m14s104-Grand-1536x864.jpg 1536w, https:\/\/pizza-hyeres.com\/wp-content\/uploads\/2021\/09\/z-vlcsnap-2021-09-21-11h36m14s104-Grand.jpg 1920w\" sizes=\"(max-width: 1024px) 100vw, 1024px\" \/><\/figure><\/li><\/ul><\/figure>\n\n\n\n<hr class=\"wp-block-separator is-style-wide\"\/>\n\n\n\n<h2 class=\"has-text-align-center has-luminous-vivid-amber-color has-text-color\">CONTACT \/ ACC\u00c8S<\/h2>\n\n\n\n<p class=\"has-text-align-center has-medium-font-size\">PIZZERIA BRUNO L&#8217;AYGUADE<br>Camping Les Palmiers<br>435 rue du Ceinturon<br>83400 Hy\u00e8res<\/p>\n\n\n\n<div class=\"wp-block-buttons is-content-justification-center\">\n<div class=\"wp-block-button has-custom-font-size has-medium-font-size\"><a class=\"wp-block-button__link has-background\" style=\"background:linear-gradient(135deg,rgb(254,205,165) 0%,rgb(254,45,45) 50%,rgb(107,0,2) 100%)\"><strong> Tel&nbsp;: 04.94.21.19.66<\/strong><\/a><\/div>\n<\/div>\n\n\n\n<hr class=\"wp-block-separator is-style-wide\"\/>\n\n\n\n<h2 class=\"has-text-align-center has-luminous-vivid-amber-color has-text-color\">FOLLOW US !<\/h2>\n\n\n\n<ul class=\"wp-block-social-links aligncenter has-large-icon-size items-justified-center is-style-pill-shape\"><li class=\"wp-social-link wp-social-link-facebook wp-block-social-link\"><a href=\"https:\/\/www.facebook.com\/Pizza-Bruno-LAyguade-102511875551560\/?ref=page_internal\" aria-label=\"Facebook\u00a0: https:\/\/www.facebook.com\/Pizza-Bruno-LAyguade-102511875551560\/?ref=page_internal\" rel=\"noopener nofollow\" target=\"_blank\" class=\"wp-block-social-link-anchor\"> <svg width=\"24\" height=\"24\" viewBox=\"0 0 24 24\" version=\"1.1\" xmlns=\"http:\/\/www.w3.org\/2000\/svg\" role=\"img\" aria-hidden=\"true\" focusable=\"false\"><path d=\"M12 2C6.5 2 2 6.5 2 12c0 5 3.7 9.1 8.4 9.9v-7H7.9V12h2.5V9.8c0-2.5 1.5-3.9 3.8-3.9 1.1 0 2.2.2 2.2.2v2.5h-1.3c-1.2 0-1.6.8-1.6 1.6V12h2.8l-.4 2.9h-2.3v7C18.3 21.1 22 17 22 12c0-5.5-4.5-10-10-10z\"><\/path><\/svg><\/a><\/li><\/ul>\n\n\n\n<hr class=\"wp-block-separator is-style-wide\"\/>\n\n\n\n<h2 class=\"has-text-align-center has-luminous-vivid-amber-color has-text-color\">COMMENT S&#8217;Y RENDRE<\/h2>\n\n\n\n<p class=\"has-text-align-center\">Notre Pizzeria Bruno est situ\u00e9e \u00e0 l&#8217;entr\u00e9e du Camping les Palmiers entre le village de l&#8217;Ayguade et l&#8217;a\u00e9roport de Toulon\/ Hy\u00e8res. Apr\u00e8s le village continuer tout droit en direction de l&#8217;a\u00e9roport, au rond point prendre la sortie \u00e0 droite, continuer au bout du chemin.<\/p>\n\n\n\n<iframe loading=\"lazy\" src=\"https:\/\/www.google.com\/maps\/d\/u\/0\/embed?mid=1nzw8h8fNWx1b8fszRWM1CHkQ4KUDCHue\" width=\"640\" height=\"480\"><\/iframe>\n\n\n\n<div style=\"height:60px\" aria-hidden=\"true\" class=\"wp-block-spacer\"><\/div>\n\n\n\n<hr class=\"wp-block-separator is-style-wide\"\/>\n\n\n\n<h2 class=\"has-text-align-center has-white-color has-text-color\">D\u00c9COUVREZ LE CAMPING LES PALMIERS<\/h2>\n\n\n\n<p>Ce camping 4 \u00e9toiles aux couleurs mexicaines vous surprendra avec son grand parc aquatique de 940 m\u00b2 compos\u00e9 de toboggans, pataugeoire, cascade, jets d&#8217;eau&#8230;. un bonheur pour toute la famille! <\/p>\n\n\n\n<p>Le camping les Palmiers propose des mobil-homes climatis\u00e9s \u00e0 la location pour vos weekends ou vos vacances en famille. De nombreux services sont disponibles sur place avec son restaurant-pizzeria, son \u00e9picerie, son sauna-hammam et sa salle de sport. <\/p>\n\n\n\n<div class=\"wp-block-button aligncenter\"><a class=\"wp-block-button__link has-vivid-red-background-color has-background no-border-radius\" href=\"http:\/\/www.camping-les-palmiers.fr\/\"><strong>VISITER LE SITE DU CAMPING<\/strong><\/a><\/div>\n\n\n\n<div style=\"height:20px\" aria-hidden=\"true\" class=\"wp-block-spacer\"><\/div>\n\n\n\n<figure class=\"wp-block-gallery columns-3 is-cropped\"><ul class=\"blocks-gallery-grid\"><li class=\"blocks-gallery-item\"><figure><img loading=\"lazy\" width=\"1024\" height=\"683\" src=\"https:\/\/pizza-hyeres.com\/wp-content\/uploads\/2019\/11\/parc-aquatique-camping-les-Palmiers-2-1024x683.jpg\" alt=\"\" data-id=\"353\" data-link=\"https:\/\/pizza-hyeres.com\/index.php\/pizza-layguade\/parc-aquatique-camping-les-palmiers-2\/\" class=\"wp-image-353\" srcset=\"https:\/\/pizza-hyeres.com\/wp-content\/uploads\/2019\/11\/parc-aquatique-camping-les-Palmiers-2-1024x683.jpg 1024w, https:\/\/pizza-hyeres.com\/wp-content\/uploads\/2019\/11\/parc-aquatique-camping-les-Palmiers-2-300x200.jpg 300w, https:\/\/pizza-hyeres.com\/wp-content\/uploads\/2019\/11\/parc-aquatique-camping-les-Palmiers-2-768x512.jpg 768w, https:\/\/pizza-hyeres.com\/wp-content\/uploads\/2019\/11\/parc-aquatique-camping-les-Palmiers-2.jpg 1920w\" sizes=\"(max-width: 1024px) 100vw, 1024px\" \/><\/figure><\/li><li class=\"blocks-gallery-item\"><figure><img loading=\"lazy\" width=\"1024\" height=\"683\" src=\"https:\/\/pizza-hyeres.com\/wp-content\/uploads\/2019\/11\/parc-aquatique-camping-les-Palmiers-34-1024x683.jpg\" alt=\"\" data-id=\"354\" data-link=\"https:\/\/pizza-hyeres.com\/index.php\/pizza-layguade\/parc-aquatique-camping-les-palmiers-34\/\" class=\"wp-image-354\" srcset=\"https:\/\/pizza-hyeres.com\/wp-content\/uploads\/2019\/11\/parc-aquatique-camping-les-Palmiers-34-1024x683.jpg 1024w, https:\/\/pizza-hyeres.com\/wp-content\/uploads\/2019\/11\/parc-aquatique-camping-les-Palmiers-34-300x200.jpg 300w, https:\/\/pizza-hyeres.com\/wp-content\/uploads\/2019\/11\/parc-aquatique-camping-les-Palmiers-34-768x512.jpg 768w, https:\/\/pizza-hyeres.com\/wp-content\/uploads\/2019\/11\/parc-aquatique-camping-les-Palmiers-34.jpg 1920w\" sizes=\"(max-width: 1024px) 100vw, 1024px\" \/><\/figure><\/li><li class=\"blocks-gallery-item\"><figure><img loading=\"lazy\" width=\"1024\" height=\"683\" src=\"https:\/\/pizza-hyeres.com\/wp-content\/uploads\/2019\/11\/DSC_5885-Personnalis\u00e9-1024x683.jpg\" alt=\"\" data-id=\"355\" data-link=\"https:\/\/pizza-hyeres.com\/index.php\/pizza-layguade\/dsc_5885-personnalise\/\" class=\"wp-image-355\" srcset=\"https:\/\/pizza-hyeres.com\/wp-content\/uploads\/2019\/11\/DSC_5885-Personnalis\u00e9-1024x683.jpg 1024w, https:\/\/pizza-hyeres.com\/wp-content\/uploads\/2019\/11\/DSC_5885-Personnalis\u00e9-300x200.jpg 300w, https:\/\/pizza-hyeres.com\/wp-content\/uploads\/2019\/11\/DSC_5885-Personnalis\u00e9-768x512.jpg 768w, https:\/\/pizza-hyeres.com\/wp-content\/uploads\/2019\/11\/DSC_5885-Personnalis\u00e9.jpg 1920w\" sizes=\"(max-width: 1024px) 100vw, 1024px\" \/><\/figure><\/li><\/ul><\/figure>\n","protected":false},"excerpt":{"rendered":"<p>NOTRE PIZZERIA PHOTOS CONTACT \/ ACC\u00c8S PIZZERIA BRUNO L&#8217;AYGUADECamping Les Palmiers435 rue du Ceinturon83400 Hy\u00e8res FOLLOW US ! COMMENT S&#8217;Y RENDRE Notre Pizzeria Bruno est situ\u00e9e \u00e0 l&#8217;entr\u00e9e du Camping les Palmiers entre le village de l&#8217;Ayguade et l&#8217;a\u00e9roport de Toulon\/ Hy\u00e8res. Apr\u00e8s le village continuer tout droit en direction de l&#8217;a\u00e9roport, au rond point [&hellip;]<\/p>\n","protected":false},"author":1,"featured_media":0,"parent":0,"menu_order":0,"comment_status":"closed","ping_status":"closed","template":"","meta":[],"_links":{"self":[{"href":"https:\/\/pizza-hyeres.com\/index.php\/wp-json\/wp\/v2\/pages\/38"}],"collection":[{"href":"https:\/\/pizza-hyeres.com\/index.php\/wp-json\/wp\/v2\/pages"}],"about":[{"href":"https:\/\/pizza-hyeres.com\/index.php\/wp-json\/wp\/v2\/types\/page"}],"author":[{"embeddable":true,"href":"https:\/\/pizza-hyeres.com\/index.php\/wp-json\/wp\/v2\/users\/1"}],"replies":[{"embeddable":true,"href":"https:\/\/pizza-hyeres.com\/index.php\/wp-json\/wp\/v2\/comments?post=38"}],"version-history":[{"count":57,"href":"https:\/\/pizza-hyeres.com\/index.php\/wp-json\/wp\/v2\/pages\/38\/revisions"}],"predecessor-version":[{"id":1078,"href":"https:\/\/pizza-hyeres.com\/index.php\/wp-json\/wp\/v2\/pages\/38\/revisions\/1078"}],"wp:attachment":[{"href":"https:\/\/pizza-hyeres.com\/index.php\/wp-json\/wp\/v2\/media?parent=38"}],"curies":[{"name":"wp","href":"https:\/\/api.w.org\/{rel}","templated":true}]}}