{"id":32,"date":"2019-10-23T09:31:50","date_gmt":"2019-10-23T07:31:50","guid":{"rendered":"http:\/\/pizza-hyeres.com\/?page_id=32"},"modified":"2024-01-31T15:27:23","modified_gmt":"2024-01-31T14:27:23","slug":"pizza-la-badine-giens","status":"publish","type":"page","link":"https:\/\/pizza-hyeres.com\/index.php\/pizza-la-badine-giens\/","title":{"rendered":"Pizzeria La Badine &#8211; Giens"},"content":{"rendered":"\n<h2 class=\"has-text-align-center has-luminous-vivid-amber-color has-text-color\">NOTRE PIZZERIA<\/h2>\n\n\n\n<p class=\"has-text-align-center\"><strong>Ouvert tous les jours<\/strong> <strong>de 10h \u00e0 22h<\/strong><\/p>\n\n\n\n<div class=\"wp-block-button aligncenter\"><a class=\"wp-block-button__link has-background\" href=\"https:\/\/pizza-hyeres.com\/index.php\/carte-pizzerias-bruno\/\" style=\"background:linear-gradient(135deg,rgb(254,205,165) 0%,rgb(254,45,45) 50%,rgb(107,0,2) 100%)\"><strong>CONSULTER LA CARTE<\/strong><\/a><\/div>\n\n\n\n<div style=\"height:20px\" aria-hidden=\"true\" class=\"wp-block-spacer\"><\/div>\n\n\n\n<hr class=\"wp-block-separator is-style-wide\"\/>\n\n\n\n<h2 class=\"has-text-align-center has-luminous-vivid-amber-color has-text-color\">PHOTOS<\/h2>\n\n\n\n<figure class=\"wp-block-gallery columns-3 is-cropped\"><ul class=\"blocks-gallery-grid\"><li class=\"blocks-gallery-item\"><figure><img loading=\"lazy\" width=\"1024\" height=\"683\" src=\"https:\/\/pizza-hyeres.com\/wp-content\/uploads\/2021\/09\/z-DSC_1324-Grand-1024x683.jpg\" alt=\"\" data-id=\"760\" data-full-url=\"https:\/\/pizza-hyeres.com\/wp-content\/uploads\/2021\/09\/z-DSC_1324-Grand.jpg\" data-link=\"https:\/\/pizza-hyeres.com\/index.php\/pizza-la-badine-giens\/z-dsc_1324-grand\/\" class=\"wp-image-760\" srcset=\"https:\/\/pizza-hyeres.com\/wp-content\/uploads\/2021\/09\/z-DSC_1324-Grand-1024x683.jpg 1024w, https:\/\/pizza-hyeres.com\/wp-content\/uploads\/2021\/09\/z-DSC_1324-Grand-300x200.jpg 300w, https:\/\/pizza-hyeres.com\/wp-content\/uploads\/2021\/09\/z-DSC_1324-Grand-768x512.jpg 768w, https:\/\/pizza-hyeres.com\/wp-content\/uploads\/2021\/09\/z-DSC_1324-Grand-1536x1024.jpg 1536w, https:\/\/pizza-hyeres.com\/wp-content\/uploads\/2021\/09\/z-DSC_1324-Grand.jpg 1620w\" sizes=\"(max-width: 1024px) 100vw, 1024px\" \/><\/figure><\/li><li class=\"blocks-gallery-item\"><figure><img loading=\"lazy\" width=\"1024\" height=\"685\" src=\"https:\/\/pizza-hyeres.com\/wp-content\/uploads\/2021\/09\/z-DSC_2350-Grand-1024x685.jpg\" alt=\"\" data-id=\"762\" data-full-url=\"https:\/\/pizza-hyeres.com\/wp-content\/uploads\/2021\/09\/z-DSC_2350-Grand.jpg\" data-link=\"https:\/\/pizza-hyeres.com\/index.php\/pizza-la-badine-giens\/z-dsc_2350-grand\/\" class=\"wp-image-762\" srcset=\"https:\/\/pizza-hyeres.com\/wp-content\/uploads\/2021\/09\/z-DSC_2350-Grand-1024x685.jpg 1024w, https:\/\/pizza-hyeres.com\/wp-content\/uploads\/2021\/09\/z-DSC_2350-Grand-300x201.jpg 300w, https:\/\/pizza-hyeres.com\/wp-content\/uploads\/2021\/09\/z-DSC_2350-Grand-768x514.jpg 768w, https:\/\/pizza-hyeres.com\/wp-content\/uploads\/2021\/09\/z-DSC_2350-Grand-1536x1028.jpg 1536w, https:\/\/pizza-hyeres.com\/wp-content\/uploads\/2021\/09\/z-DSC_2350-Grand.jpg 1614w\" sizes=\"(max-width: 1024px) 100vw, 1024px\" \/><\/figure><\/li><li class=\"blocks-gallery-item\"><figure><img loading=\"lazy\" width=\"1024\" height=\"683\" src=\"https:\/\/pizza-hyeres.com\/wp-content\/uploads\/2019\/10\/DSC_6547-Medium-1-1024x683.jpg\" alt=\"\" data-id=\"140\" data-link=\"https:\/\/pizza-hyeres.com\/index.php\/pizza-la-badine-giens\/dsc_6547-medium-2\/\" class=\"wp-image-140\" srcset=\"https:\/\/pizza-hyeres.com\/wp-content\/uploads\/2019\/10\/DSC_6547-Medium-1-1024x683.jpg 1024w, https:\/\/pizza-hyeres.com\/wp-content\/uploads\/2019\/10\/DSC_6547-Medium-1-300x200.jpg 300w, https:\/\/pizza-hyeres.com\/wp-content\/uploads\/2019\/10\/DSC_6547-Medium-1-768x512.jpg 768w, https:\/\/pizza-hyeres.com\/wp-content\/uploads\/2019\/10\/DSC_6547-Medium-1.jpg 1151w\" sizes=\"(max-width: 1024px) 100vw, 1024px\" \/><\/figure><\/li><li class=\"blocks-gallery-item\"><figure><img loading=\"lazy\" width=\"1024\" height=\"683\" src=\"https:\/\/pizza-hyeres.com\/wp-content\/uploads\/2021\/09\/z-DSC_1285-Grand-1024x683.jpg\" alt=\"\" data-id=\"763\" data-full-url=\"https:\/\/pizza-hyeres.com\/wp-content\/uploads\/2021\/09\/z-DSC_1285-Grand.jpg\" data-link=\"https:\/\/pizza-hyeres.com\/index.php\/pizza-la-badine-giens\/z-dsc_1285-grand\/\" class=\"wp-image-763\" srcset=\"https:\/\/pizza-hyeres.com\/wp-content\/uploads\/2021\/09\/z-DSC_1285-Grand-1024x683.jpg 1024w, https:\/\/pizza-hyeres.com\/wp-content\/uploads\/2021\/09\/z-DSC_1285-Grand-300x200.jpg 300w, https:\/\/pizza-hyeres.com\/wp-content\/uploads\/2021\/09\/z-DSC_1285-Grand-768x512.jpg 768w, https:\/\/pizza-hyeres.com\/wp-content\/uploads\/2021\/09\/z-DSC_1285-Grand-1536x1024.jpg 1536w, https:\/\/pizza-hyeres.com\/wp-content\/uploads\/2021\/09\/z-DSC_1285-Grand.jpg 1620w\" sizes=\"(max-width: 1024px) 100vw, 1024px\" \/><\/figure><\/li><li class=\"blocks-gallery-item\"><figure><img loading=\"lazy\" width=\"1024\" height=\"678\" src=\"https:\/\/pizza-hyeres.com\/wp-content\/uploads\/2019\/10\/DSC_2181-Medium-1-1024x678.jpg\" alt=\"\" data-id=\"148\" data-link=\"https:\/\/pizza-hyeres.com\/index.php\/pizza-la-badine-giens\/dsc_2181-medium-2\/\" class=\"wp-image-148\" srcset=\"https:\/\/pizza-hyeres.com\/wp-content\/uploads\/2019\/10\/DSC_2181-Medium-1-1024x678.jpg 1024w, https:\/\/pizza-hyeres.com\/wp-content\/uploads\/2019\/10\/DSC_2181-Medium-1-300x199.jpg 300w, https:\/\/pizza-hyeres.com\/wp-content\/uploads\/2019\/10\/DSC_2181-Medium-1-768x508.jpg 768w, https:\/\/pizza-hyeres.com\/wp-content\/uploads\/2019\/10\/DSC_2181-Medium-1.jpg 1160w\" sizes=\"(max-width: 1024px) 100vw, 1024px\" \/><\/figure><\/li><li class=\"blocks-gallery-item\"><figure><img loading=\"lazy\" width=\"1024\" height=\"684\" src=\"https:\/\/pizza-hyeres.com\/wp-content\/uploads\/2019\/10\/restaurant-le-mediterranee-4-Medium-1-1024x684.jpg\" alt=\"\" data-id=\"149\" data-link=\"https:\/\/pizza-hyeres.com\/index.php\/pizza-la-badine-giens\/restaurant-le-mediterranee-4-medium-2\/\" class=\"wp-image-149\" srcset=\"https:\/\/pizza-hyeres.com\/wp-content\/uploads\/2019\/10\/restaurant-le-mediterranee-4-Medium-1-1024x684.jpg 1024w, https:\/\/pizza-hyeres.com\/wp-content\/uploads\/2019\/10\/restaurant-le-mediterranee-4-Medium-1-300x200.jpg 300w, https:\/\/pizza-hyeres.com\/wp-content\/uploads\/2019\/10\/restaurant-le-mediterranee-4-Medium-1-768x513.jpg 768w, https:\/\/pizza-hyeres.com\/wp-content\/uploads\/2019\/10\/restaurant-le-mediterranee-4-Medium-1.jpg 1150w\" sizes=\"(max-width: 1024px) 100vw, 1024px\" \/><\/figure><\/li><\/ul><\/figure>\n\n\n\n<hr class=\"wp-block-separator is-style-wide\"\/>\n\n\n\n<h2 class=\"has-text-align-center has-luminous-vivid-amber-color has-text-color\">CONTACT \/ ACC\u00c8S<\/h2>\n\n\n\n<p class=\"has-text-align-center has-medium-font-size\">PIZZERIA BRUNO LA BADINE<br>354 boulevard Alsace Lorraine<br>83400 Hy\u00e8res<\/p>\n\n\n\n<div class=\"wp-block-buttons is-content-justification-center\">\n<div class=\"wp-block-button has-custom-font-size has-medium-font-size\"><a class=\"wp-block-button__link has-background\" style=\"background:linear-gradient(135deg,rgb(254,205,165) 0%,rgb(254,45,45) 50%,rgb(107,0,2) 100%)\"><strong> Tel&nbsp;: 04.94.27.36.84<\/strong><\/a><\/div>\n<\/div>\n\n\n\n<hr class=\"wp-block-separator is-style-wide\"\/>\n\n\n\n<h2 class=\"has-text-align-center has-luminous-vivid-amber-color has-text-color\">FOLLOW US !<\/h2>\n\n\n\n<ul class=\"wp-block-social-links aligncenter has-large-icon-size items-justified-center is-style-pill-shape\"><li class=\"wp-social-link wp-social-link-facebook wp-block-social-link\"><a href=\"https:\/\/www.facebook.com\/pizzabrunolemojito\/?ref=pages_you_manage\" aria-label=\"Facebook\u00a0: https:\/\/www.facebook.com\/pizzabrunolemojito\/?ref=pages_you_manage\" rel=\"noopener nofollow\" target=\"_blank\" class=\"wp-block-social-link-anchor\"> <svg width=\"24\" height=\"24\" viewBox=\"0 0 24 24\" version=\"1.1\" xmlns=\"http:\/\/www.w3.org\/2000\/svg\" role=\"img\" aria-hidden=\"true\" focusable=\"false\"><path d=\"M12 2C6.5 2 2 6.5 2 12c0 5 3.7 9.1 8.4 9.9v-7H7.9V12h2.5V9.8c0-2.5 1.5-3.9 3.8-3.9 1.1 0 2.2.2 2.2.2v2.5h-1.3c-1.2 0-1.6.8-1.6 1.6V12h2.8l-.4 2.9h-2.3v7C18.3 21.1 22 17 22 12c0-5.5-4.5-10-10-10z\"><\/path><\/svg><\/a><\/li><\/ul>\n\n\n\n<hr class=\"wp-block-separator is-style-wide\"\/>\n\n\n\n<h2 class=\"has-text-align-center has-luminous-vivid-amber-color has-text-color\">COMMENT S&#8217;Y RENDRE<\/h2>\n\n\n\n<iframe loading=\"lazy\" src=\"https:\/\/www.google.com\/maps\/d\/u\/0\/embed?mid=1T6jgTsCsJjnYCTm8cYM86WInlOWBD1ME\" width=\"640\" height=\"480\"><\/iframe>\n\n\n\n<div style=\"height:60px\" aria-hidden=\"true\" class=\"wp-block-spacer\"><\/div>\n\n\n\n<hr class=\"wp-block-separator is-style-wide\"\/>\n\n\n\n<h2 class=\"has-text-align-center has-white-color has-text-color\">D\u00c9COUVREZ LE CAMPING LE M\u00c9DITERRAN\u00c9E<\/h2>\n\n\n\n<p class=\"has-text-align-center\">Le camping le M\u00e9diterran\u00e9e vous accueille d&#8217;avril \u00e0 novembre en mobil-homes tout \u00e9quip\u00e9s et confortables. Situ\u00e9 dans un quartier tr\u00e8s calme et \u00e0 seulement 150m de la grande plage de sable de la Badine, ce camping est id\u00e9al pour vos vacances en famille ou entre amis.<\/p>\n\n\n\n<div class=\"wp-block-button aligncenter\"><a class=\"wp-block-button__link has-vivid-red-background-color has-background no-border-radius\" href=\"https:\/\/www.camping-lemed.fr\/fr\/\" target=\"_blank\" rel=\"noreferrer noopener\"><strong>VISITER LE SITE DU CAMPING<\/strong><\/a><\/div>\n\n\n\n<div style=\"height:16px\" aria-hidden=\"true\" class=\"wp-block-spacer\"><\/div>\n\n\n\n<figure class=\"wp-block-gallery columns-3 is-cropped\"><ul class=\"blocks-gallery-grid\"><li class=\"blocks-gallery-item\"><figure><img loading=\"lazy\" width=\"1024\" height=\"683\" src=\"https:\/\/pizza-hyeres.com\/wp-content\/uploads\/2019\/11\/DSC_6365-1024x683.jpg\" alt=\"\" data-id=\"330\" data-link=\"https:\/\/pizza-hyeres.com\/index.php\/pizza-la-badine-giens\/dsc_6365\/\" class=\"wp-image-330\" srcset=\"https:\/\/pizza-hyeres.com\/wp-content\/uploads\/2019\/11\/DSC_6365-1024x683.jpg 1024w, https:\/\/pizza-hyeres.com\/wp-content\/uploads\/2019\/11\/DSC_6365-300x200.jpg 300w, https:\/\/pizza-hyeres.com\/wp-content\/uploads\/2019\/11\/DSC_6365-768x512.jpg 768w\" sizes=\"(max-width: 1024px) 100vw, 1024px\" \/><\/figure><\/li><li class=\"blocks-gallery-item\"><figure><img loading=\"lazy\" width=\"1024\" height=\"683\" src=\"https:\/\/pizza-hyeres.com\/wp-content\/uploads\/2019\/11\/DSC_6581-1024x683.jpg\" alt=\"\" data-id=\"331\" data-link=\"https:\/\/pizza-hyeres.com\/index.php\/pizza-la-badine-giens\/dsc_6581\/\" class=\"wp-image-331\" srcset=\"https:\/\/pizza-hyeres.com\/wp-content\/uploads\/2019\/11\/DSC_6581-1024x683.jpg 1024w, https:\/\/pizza-hyeres.com\/wp-content\/uploads\/2019\/11\/DSC_6581-300x200.jpg 300w, https:\/\/pizza-hyeres.com\/wp-content\/uploads\/2019\/11\/DSC_6581-768x512.jpg 768w\" sizes=\"(max-width: 1024px) 100vw, 1024px\" \/><\/figure><\/li><li class=\"blocks-gallery-item\"><figure><img loading=\"lazy\" width=\"1024\" height=\"683\" src=\"https:\/\/pizza-hyeres.com\/wp-content\/uploads\/2019\/11\/DSC_6601-1024x683.jpg\" alt=\"\" data-id=\"332\" data-link=\"https:\/\/pizza-hyeres.com\/index.php\/pizza-la-badine-giens\/dsc_6601\/\" class=\"wp-image-332\" srcset=\"https:\/\/pizza-hyeres.com\/wp-content\/uploads\/2019\/11\/DSC_6601-1024x683.jpg 1024w, https:\/\/pizza-hyeres.com\/wp-content\/uploads\/2019\/11\/DSC_6601-300x200.jpg 300w, https:\/\/pizza-hyeres.com\/wp-content\/uploads\/2019\/11\/DSC_6601-768x512.jpg 768w\" sizes=\"(max-width: 1024px) 100vw, 1024px\" \/><\/figure><\/li><\/ul><\/figure>\n","protected":false},"excerpt":{"rendered":"<p>NOTRE PIZZERIA Ouvert tous les jours de 10h \u00e0 22h PHOTOS CONTACT \/ ACC\u00c8S PIZZERIA BRUNO LA BADINE354 boulevard Alsace Lorraine83400 Hy\u00e8res FOLLOW US ! COMMENT S&#8217;Y RENDRE D\u00c9COUVREZ LE CAMPING LE M\u00c9DITERRAN\u00c9E Le camping le M\u00e9diterran\u00e9e vous accueille d&#8217;avril \u00e0 novembre en mobil-homes tout \u00e9quip\u00e9s et confortables. Situ\u00e9 dans un quartier tr\u00e8s calme et [&hellip;]<\/p>\n","protected":false},"author":1,"featured_media":0,"parent":0,"menu_order":0,"comment_status":"closed","ping_status":"closed","template":"","meta":[],"_links":{"self":[{"href":"https:\/\/pizza-hyeres.com\/index.php\/wp-json\/wp\/v2\/pages\/32"}],"collection":[{"href":"https:\/\/pizza-hyeres.com\/index.php\/wp-json\/wp\/v2\/pages"}],"about":[{"href":"https:\/\/pizza-hyeres.com\/index.php\/wp-json\/wp\/v2\/types\/page"}],"author":[{"embeddable":true,"href":"https:\/\/pizza-hyeres.com\/index.php\/wp-json\/wp\/v2\/users\/1"}],"replies":[{"embeddable":true,"href":"https:\/\/pizza-hyeres.com\/index.php\/wp-json\/wp\/v2\/comments?post=32"}],"version-history":[{"count":73,"href":"https:\/\/pizza-hyeres.com\/index.php\/wp-json\/wp\/v2\/pages\/32\/revisions"}],"predecessor-version":[{"id":1128,"href":"https:\/\/pizza-hyeres.com\/index.php\/wp-json\/wp\/v2\/pages\/32\/revisions\/1128"}],"wp:attachment":[{"href":"https:\/\/pizza-hyeres.com\/index.php\/wp-json\/wp\/v2\/media?parent=32"}],"curies":[{"name":"wp","href":"https:\/\/api.w.org\/{rel}","templated":true}]}}