{"id":2,"date":"2019-10-16T20:46:18","date_gmt":"2019-10-16T18:46:18","guid":{"rendered":"http:\/\/pizza-hyeres.com\/?page_id=2"},"modified":"2025-08-01T12:30:04","modified_gmt":"2025-08-01T10:30:04","slug":"page-d-exemple","status":"publish","type":"page","link":"https:\/\/pizza-hyeres.com\/","title":{"rendered":"PIZZA BRUNO"},"content":{"rendered":"\n<h2 class=\"has-text-align-center has-white-color has-text-color\"><span class=\"has-inline-color has-white-color\">DECOUVREZ NOS PIZZERIAS A HYERES<\/span> &amp; LA LONDE<\/h2>\n\n\n\n<h2 class=\"has-text-align-center has-cyan-bluish-gray-color has-text-color\"><em>L&#8217;AYGUADE, LA BERGERIE, LA BADINE, LA TOUR FONDUE, LE PORT DE LA GAVINE<\/em>, <em>LE CENTRE VILLE<\/em> DE HYERES et LE CENTRE VILLE DE LA LONDE<\/h2>\n\n\n\n<div id=\"metaslider-id-664\" style=\"width: 100%;\" class=\"ml-slider-3-23-0 metaslider metaslider-flex metaslider-664 ml-slider\">\n    <div id=\"metaslider_container_664\">\n        <div id=\"metaslider_664\">\n            <ul aria-live=\"polite\" class=\"slides\">\n                <li style=\"display: block; width: 100%;\" class=\"slide-667 ms-image\"><img src=\"https:\/\/pizza-hyeres.com\/wp-content\/uploads\/2021\/09\/slide-2000-x-700-1919x672.jpg\" height=\"700\" width=\"2000\" alt=\"\" class=\"slider-664 slide-667\" title=\"slide 2000 x 700\" \/><\/li>\n                <li style=\"display: none; width: 100%;\" class=\"slide-669 ms-image\"><img src=\"https:\/\/pizza-hyeres.com\/wp-content\/uploads\/2021\/09\/slide-2000-x-700-3.jpg\" height=\"700\" width=\"2000\" alt=\"\" class=\"slider-664 slide-669\" title=\"slide 2000 x 700 (3)\" \/><\/li>\n                <li style=\"display: none; width: 100%;\" class=\"slide-671 ms-image\"><img src=\"https:\/\/pizza-hyeres.com\/wp-content\/uploads\/2021\/09\/slide-2000-x-700-2.jpg\" height=\"700\" width=\"2000\" alt=\"\" class=\"slider-664 slide-671\" title=\"slide 2000 x 700 (2)\" \/><\/li>\n            <\/ul>\n        <\/div>\n        \n    <\/div>\n<\/div>\n\n\n\n<figure class=\"wp-block-gallery columns-3 is-cropped\"><ul class=\"blocks-gallery-grid\"><li class=\"blocks-gallery-item\"><figure><img loading=\"lazy\" width=\"1024\" height=\"576\" src=\"https:\/\/pizza-hyeres.com\/wp-content\/uploads\/2019\/11\/fork-dish-meal-food-produce-breakfast-27414-pxhere.com_-1024x576.jpg\" alt=\"\" data-id=\"321\" data-link=\"https:\/\/pizza-hyeres.com\/index.php\/page-d-exemple\/fork-dish-meal-food-produce-breakfast-27414-pxhere-com\/\" class=\"wp-image-321\" srcset=\"https:\/\/pizza-hyeres.com\/wp-content\/uploads\/2019\/11\/fork-dish-meal-food-produce-breakfast-27414-pxhere.com_-1024x576.jpg 1024w, https:\/\/pizza-hyeres.com\/wp-content\/uploads\/2019\/11\/fork-dish-meal-food-produce-breakfast-27414-pxhere.com_-300x169.jpg 300w, https:\/\/pizza-hyeres.com\/wp-content\/uploads\/2019\/11\/fork-dish-meal-food-produce-breakfast-27414-pxhere.com_-768x432.jpg 768w, https:\/\/pizza-hyeres.com\/wp-content\/uploads\/2019\/11\/fork-dish-meal-food-produce-breakfast-27414-pxhere.com_.jpg 1920w\" sizes=\"(max-width: 1024px) 100vw, 1024px\" \/><\/figure><\/li><li class=\"blocks-gallery-item\"><figure><img loading=\"lazy\" width=\"1024\" height=\"683\" src=\"https:\/\/pizza-hyeres.com\/wp-content\/uploads\/2019\/11\/dish-food-cuisine-pizza-cheese-salami-1411428-pxhere.com_-1024x683.jpg\" alt=\"\" data-id=\"322\" data-link=\"https:\/\/pizza-hyeres.com\/index.php\/page-d-exemple\/dish-food-cuisine-pizza-cheese-salami-1411428-pxhere-com\/\" class=\"wp-image-322\" srcset=\"https:\/\/pizza-hyeres.com\/wp-content\/uploads\/2019\/11\/dish-food-cuisine-pizza-cheese-salami-1411428-pxhere.com_-1024x683.jpg 1024w, https:\/\/pizza-hyeres.com\/wp-content\/uploads\/2019\/11\/dish-food-cuisine-pizza-cheese-salami-1411428-pxhere.com_-300x200.jpg 300w, https:\/\/pizza-hyeres.com\/wp-content\/uploads\/2019\/11\/dish-food-cuisine-pizza-cheese-salami-1411428-pxhere.com_-768x512.jpg 768w, https:\/\/pizza-hyeres.com\/wp-content\/uploads\/2019\/11\/dish-food-cuisine-pizza-cheese-salami-1411428-pxhere.com_.jpg 1620w\" sizes=\"(max-width: 1024px) 100vw, 1024px\" \/><\/figure><\/li><li class=\"blocks-gallery-item\"><figure><img loading=\"lazy\" width=\"1024\" height=\"669\" src=\"https:\/\/pizza-hyeres.com\/wp-content\/uploads\/2019\/11\/white-restaurant-dish-food-ingredient-kitchen-1226328-pxhere.com-2-1024x669.jpg\" alt=\"\" data-id=\"323\" data-link=\"https:\/\/pizza-hyeres.com\/index.php\/page-d-exemple\/white-restaurant-dish-food-ingredient-kitchen-1226328-pxhere-com-2\/\" class=\"wp-image-323\" srcset=\"https:\/\/pizza-hyeres.com\/wp-content\/uploads\/2019\/11\/white-restaurant-dish-food-ingredient-kitchen-1226328-pxhere.com-2-1024x669.jpg 1024w, https:\/\/pizza-hyeres.com\/wp-content\/uploads\/2019\/11\/white-restaurant-dish-food-ingredient-kitchen-1226328-pxhere.com-2-300x196.jpg 300w, https:\/\/pizza-hyeres.com\/wp-content\/uploads\/2019\/11\/white-restaurant-dish-food-ingredient-kitchen-1226328-pxhere.com-2-768x502.jpg 768w, https:\/\/pizza-hyeres.com\/wp-content\/uploads\/2019\/11\/white-restaurant-dish-food-ingredient-kitchen-1226328-pxhere.com-2.jpg 1652w\" sizes=\"(max-width: 1024px) 100vw, 1024px\" \/><\/figure><\/li><\/ul><\/figure>\n\n\n\n<div style=\"height:32px\" aria-hidden=\"true\" class=\"wp-block-spacer\"><\/div>\n\n\n\n<p class=\"has-text-align-center has-vivid-red-color has-text-color has-medium-font-size\"><span class=\"has-inline-color has-vivid-red-color\">-o-<\/span>  <a href=\"https:\/\/pizza-hyeres.com\/index.php\/notre-four-a-bois\/\" data-type=\"URL\" data-id=\"https:\/\/pizza-hyeres.com\/index.php\/notre-four-a-bois\/\">A PROPOS DE PIZZA BRUNO<\/a>  <span class=\"has-inline-color has-vivid-red-color\">-o-<\/span> <\/p>\n\n\n\n<p class=\"has-text-align-center has-normal-font-size\">Envie de d\u00e9guster une d\u00e9licieuse <strong>pizza cuite au feu de bois<\/strong> <strong>\u00e0 2 pas des plages<\/strong> de Giens ou de L\u2019Ayguade, au centre ville ou tout au bout de la presqu&#8217;\u00eele de Giens ? <\/p>\n\n\n\n<p class=\"has-text-align-center has-normal-font-size\">Nos Pizzerias Bruno \u00e0 Hy\u00e8res vous proposent<strong> un large choix de pizzas<\/strong>, de la plus classique, en passant par des bases cr\u00e8me ou tomate, \u00e0 la plus originale.<\/p>\n\n\n\n<p class=\"has-text-align-center has-normal-font-size\">D\u00e9couvrez nos pizzerias au feu de bois comme \u00e0 l&#8217;Ayguade, La Badine ou encore La Bergerie (certaines pizzerias ne poss\u00e8dent pas de four \u00e0 bois &#8211; renseignement par t\u00e9l\u00e9phone)<\/p>\n\n\n\n<hr class=\"wp-block-separator has-text-color has-background has-white-background-color has-white-color is-style-wide\"\/>\n\n\n\n<p class=\"has-text-align-center has-vivid-red-color has-text-color has-medium-font-size\"><strong>NOS GAGES DE QUALIT\u00c9 :<\/strong> <\/p>\n\n\n\n<div class=\"wp-block-columns alignfull are-vertically-aligned-bottom\">\n<div class=\"wp-block-column is-vertically-aligned-bottom\" style=\"flex-basis:100%\">\n<div class=\"wp-block-columns\">\n<div class=\"wp-block-column\">\n<div class=\"wp-block-columns\">\n<div class=\"wp-block-column is-vertically-aligned-center\">\n<p class=\"has-text-align-right has-normal-font-size\"> Une p\u00e2te maison p\u00e9trie \u00e0 la main <\/p>\n<\/div>\n\n\n\n<div class=\"wp-block-column is-vertically-aligned-center\">\n<p class=\"has-text-align-center has-normal-font-size\">Une cuisson au feu de bois ou \u00e9lectrique<\/p>\n<\/div>\n<\/div>\n<\/div>\n\n\n\n<div class=\"wp-block-column\">\n<div class=\"wp-block-columns\">\n<div class=\"wp-block-column is-vertically-aligned-center\">\n<p class=\"has-text-align-center has-normal-font-size\">  <span style=\"font-size: revert;\">Des produits frais et de qualit\u00e9<\/span>  <\/p>\n<\/div>\n\n\n\n<div class=\"wp-block-column is-vertically-aligned-center\">\n<p class=\"has-text-align-left has-normal-font-size\">Et une \u00e9quipe toujours pr\u00eate \u00e0 vous satisfaire !<\/p>\n<\/div>\n<\/div>\n<\/div>\n<\/div>\n<\/div>\n<\/div>\n\n\n\n<hr class=\"wp-block-separator is-style-wide\"\/>\n\n\n\n<p class=\"has-text-align-center has-vivid-red-color has-text-color has-large-font-size\"><strong>NOS PIZZERIAS BRUNO <\/strong>:<\/p>\n\n\n\n<div style=\"height:42px\" aria-hidden=\"true\" class=\"wp-block-spacer\"><\/div>\n\n\n\n<p class=\"has-text-align-center has-vivid-red-color has-text-color has-large-font-size\"><em>La Londe<\/em><\/p>\n\n\n\n<p class=\"has-text-align-center\">Situ\u00e9 \u00e0 La Londe, notre pizzeria Bruno vous accueille pour de la vente \u00e0 emporter uniquement.<\/p>\n\n\n\n<div class=\"wp-block-image is-style-rounded\"><figure class=\"aligncenter size-large\"><img loading=\"lazy\" width=\"1024\" height=\"683\" src=\"https:\/\/pizza-hyeres.com\/wp-content\/uploads\/2023\/05\/cheese-164872_1920-1024x683.jpg\" alt=\"\" class=\"wp-image-1115\" srcset=\"https:\/\/pizza-hyeres.com\/wp-content\/uploads\/2023\/05\/cheese-164872_1920-1024x683.jpg 1024w, https:\/\/pizza-hyeres.com\/wp-content\/uploads\/2023\/05\/cheese-164872_1920-300x200.jpg 300w, https:\/\/pizza-hyeres.com\/wp-content\/uploads\/2023\/05\/cheese-164872_1920-768x512.jpg 768w, https:\/\/pizza-hyeres.com\/wp-content\/uploads\/2023\/05\/cheese-164872_1920-1536x1024.jpg 1536w, https:\/\/pizza-hyeres.com\/wp-content\/uploads\/2023\/05\/cheese-164872_1920.jpg 1920w\" sizes=\"(max-width: 1024px) 100vw, 1024px\" \/><\/figure><\/div>\n\n\n\n<div class=\"wp-block-buttons is-content-justification-center\">\n<div class=\"wp-block-button aligncenter is-style-fill\"><a class=\"wp-block-button__link has-background\" href=\"https:\/\/pizza-hyeres.com\/index.php\/pizza-bruno-la-londe\/\" style=\"background:linear-gradient(135deg,rgb(254,205,165) 0%,rgb(254,45,45) 50%,rgb(107,0,2) 100%)\"><strong>ACCES \/ CONTACT \/ CARTE<\/strong><\/a><\/div>\n<\/div>\n\n\n\n<div style=\"height:42px\" aria-hidden=\"true\" class=\"wp-block-spacer\"><\/div>\n\n\n\n<p class=\"has-text-align-center has-vivid-red-color has-text-color has-large-font-size\"><em>La Badine &#8211; Giens<\/em><\/p>\n\n\n\n<p class=\"has-text-align-center\">Situ\u00e9e sur la Presqu\u2019\u00eele de Giens \u00e0 seulement 150m de la plage de la Badine, notre pizzeria vous propose la vente de&nbsp;<strong>pizzas&nbsp;cuites&nbsp;au&nbsp;feu&nbsp;de&nbsp;bois.<\/strong><\/p>\n\n\n\n<div class=\"wp-block-image is-style-rounded\"><figure class=\"aligncenter is-resized\"><img loading=\"lazy\" src=\"https:\/\/pizza-hyeres.com\/wp-content\/uploads\/2019\/10\/DSC_2181-Medium-1-1024x678.jpg\" alt=\"\" class=\"wp-image-148\" width=\"768\" height=\"509\" srcset=\"https:\/\/pizza-hyeres.com\/wp-content\/uploads\/2019\/10\/DSC_2181-Medium-1-1024x678.jpg 1024w, https:\/\/pizza-hyeres.com\/wp-content\/uploads\/2019\/10\/DSC_2181-Medium-1-300x199.jpg 300w, https:\/\/pizza-hyeres.com\/wp-content\/uploads\/2019\/10\/DSC_2181-Medium-1-768x508.jpg 768w, https:\/\/pizza-hyeres.com\/wp-content\/uploads\/2019\/10\/DSC_2181-Medium-1.jpg 1160w\" sizes=\"(max-width: 768px) 100vw, 768px\" \/><\/figure><\/div>\n\n\n\n<div class=\"wp-block-button aligncenter is-style-fill\"><a class=\"wp-block-button__link has-background\" href=\"https:\/\/pizza-hyeres.com\/index.php\/pizza-la-badine-giens\/\" style=\"background:linear-gradient(135deg,rgb(254,205,165) 0%,rgb(254,45,45) 50%,rgb(107,0,2) 100%)\"><strong>ACCES \/ CONTACT \/ CARTE<\/strong><\/a><\/div>\n\n\n\n<div style=\"height:57px\" aria-hidden=\"true\" class=\"wp-block-spacer\"><\/div>\n\n\n\n<p class=\"has-text-align-center has-vivid-red-color has-text-color has-large-font-size\"><em>La Bergerie &#8211; Giens<\/em><\/p>\n\n\n\n<p class=\"has-text-align-center\"> Situ\u00e9e sur la Presqu&#8217;\u00eele de Giens \u00e0 seulement 200m de la plage de la Bergerie, notre pizzeria vous propose uniquement la vente de <strong>pizzas \u00e0 emporter<\/strong> cuites au feu de bois (parking facile) ou en <strong>livraison \u00e0 domicile.<\/strong> <\/p>\n\n\n\n<div class=\"wp-block-image is-style-rounded\"><figure class=\"aligncenter is-resized\"><img loading=\"lazy\" src=\"https:\/\/pizza-hyeres.com\/wp-content\/uploads\/2019\/10\/DSC_2101-Personnalis\u00e9-1024x678.jpg\" alt=\"\" class=\"wp-image-79\" width=\"768\" height=\"509\" srcset=\"https:\/\/pizza-hyeres.com\/wp-content\/uploads\/2019\/10\/DSC_2101-Personnalis\u00e9-1024x678.jpg 1024w, https:\/\/pizza-hyeres.com\/wp-content\/uploads\/2019\/10\/DSC_2101-Personnalis\u00e9-300x199.jpg 300w, https:\/\/pizza-hyeres.com\/wp-content\/uploads\/2019\/10\/DSC_2101-Personnalis\u00e9-768x509.jpg 768w, https:\/\/pizza-hyeres.com\/wp-content\/uploads\/2019\/10\/DSC_2101-Personnalis\u00e9.jpg 1920w\" sizes=\"(max-width: 768px) 100vw, 768px\" \/><\/figure><\/div>\n\n\n\n<div class=\"wp-block-button aligncenter\"><a class=\"wp-block-button__link has-background\" href=\"https:\/\/pizza-hyeres.com\/index.php\/pizza-la-bergerie-giens\/\" style=\"background:linear-gradient(135deg,rgb(254,205,165) 0%,rgb(254,45,45) 50%,rgb(107,0,2) 98%)\"><strong> <strong>ACCES \/ CONTACT \/ CARTE<\/strong> <\/strong><\/a><\/div>\n\n\n\n<div style=\"height:57px\" aria-hidden=\"true\" class=\"wp-block-spacer\"><\/div>\n\n\n\n<p class=\"has-text-align-center has-vivid-red-color has-text-color has-large-font-size\"><em>L&#8217;Ayguade<\/em><\/p>\n\n\n\n<p class=\"has-text-align-center\">La Pizzeria de L&#8217;Ayguade est situ\u00e9e quartier du ceinturon, \u00e0 seulement 300m de la plage de la Marquise, et \u00e0 800m du village. Nous vous proposons de d\u00e9licieuses pizzas cuites au feu de bois.<\/p>\n\n\n\n<div class=\"wp-block-image is-style-rounded\"><figure class=\"aligncenter size-large is-resized\"><img loading=\"lazy\" src=\"https:\/\/pizza-hyeres.com\/wp-content\/uploads\/2021\/09\/Pin-vlcsnap-2021-09-21-11h38m05s291-1-1024x678.jpg\" alt=\"\" class=\"wp-image-735\" width=\"768\" height=\"509\" srcset=\"https:\/\/pizza-hyeres.com\/wp-content\/uploads\/2021\/09\/Pin-vlcsnap-2021-09-21-11h38m05s291-1-1024x678.jpg 1024w, https:\/\/pizza-hyeres.com\/wp-content\/uploads\/2021\/09\/Pin-vlcsnap-2021-09-21-11h38m05s291-1-300x199.jpg 300w, https:\/\/pizza-hyeres.com\/wp-content\/uploads\/2021\/09\/Pin-vlcsnap-2021-09-21-11h38m05s291-1-768x508.jpg 768w, https:\/\/pizza-hyeres.com\/wp-content\/uploads\/2021\/09\/Pin-vlcsnap-2021-09-21-11h38m05s291-1-1536x1016.jpg 1536w, https:\/\/pizza-hyeres.com\/wp-content\/uploads\/2021\/09\/Pin-vlcsnap-2021-09-21-11h38m05s291-1.jpg 1632w\" sizes=\"(max-width: 768px) 100vw, 768px\" \/><\/figure><\/div>\n\n\n\n<div class=\"wp-block-button aligncenter\"><a class=\"wp-block-button__link has-background\" href=\"https:\/\/pizza-hyeres.com\/index.php\/pizza-layguade\/\" style=\"background:linear-gradient(135deg,rgb(254,205,165) 0%,rgb(254,45,45) 50%,rgb(107,0,2) 100%)\"><strong> <strong>ACCES \/ CONTACT \/ CARTE<\/strong> <\/strong><\/a><\/div>\n\n\n\n<div style=\"height:57px\" aria-hidden=\"true\" class=\"wp-block-spacer\"><\/div>\n\n\n\n<p class=\"has-text-align-center has-vivid-red-color has-text-color has-large-font-size\"><em>Les&nbsp;3&nbsp;Iles<\/em> &#8211; <em>La Tour Fondue<\/em><\/p>\n\n\n\n<p class=\"has-text-align-center\">Avec sa vue sur la mer imprenable, la pizzeria Bruno des 3 \u00eeles vous fera voyager. Elle est situ\u00e9e au bout de la presqu&#8217;\u00eele de Giens \u00e0 la Tour Fondue.<\/p>\n\n\n\n<div class=\"wp-block-image is-style-rounded\"><figure class=\"aligncenter size-large is-resized\"><img loading=\"lazy\" src=\"https:\/\/pizza-hyeres.com\/wp-content\/uploads\/2021\/09\/DSC_1804-1-1024x683.jpg\" alt=\"\" class=\"wp-image-736\" width=\"768\" height=\"512\" srcset=\"https:\/\/pizza-hyeres.com\/wp-content\/uploads\/2021\/09\/DSC_1804-1-1024x683.jpg 1024w, https:\/\/pizza-hyeres.com\/wp-content\/uploads\/2021\/09\/DSC_1804-1-300x200.jpg 300w, https:\/\/pizza-hyeres.com\/wp-content\/uploads\/2021\/09\/DSC_1804-1-768x512.jpg 768w, https:\/\/pizza-hyeres.com\/wp-content\/uploads\/2021\/09\/DSC_1804-1-1536x1024.jpg 1536w, https:\/\/pizza-hyeres.com\/wp-content\/uploads\/2021\/09\/DSC_1804-1.jpg 1920w\" sizes=\"(max-width: 768px) 100vw, 768px\" \/><\/figure><\/div>\n\n\n\n<div class=\"wp-block-button aligncenter\"><a class=\"wp-block-button__link has-background\" href=\"https:\/\/pizza-hyeres.com\/index.php\/pizza-les-3-iles-la-tour-fondue\/\" style=\"background:linear-gradient(135deg,rgb(254,205,165) 0%,rgb(254,45,45) 50%,rgb(107,0,2) 100%)\"><strong> <strong>ACCES \/ CONTACT \/ CARTE<\/strong> <\/strong><\/a><\/div>\n\n\n\n<div style=\"height:57px\" aria-hidden=\"true\" class=\"wp-block-spacer\"><\/div>\n\n\n\n<p class=\"has-text-align-center has-vivid-red-color has-text-color has-large-font-size\"><em>Le Jardin de Manon &#8211; Port de la Gavine<\/em><\/p>\n\n\n\n<p class=\"has-text-align-center\">Profitez de la situation id\u00e9ale de notre pizzeria Bruno situ\u00e9 sur le port de la Gavine \u00e0 Hy\u00e8res. <\/p>\n\n\n\n<div class=\"wp-block-image is-style-rounded\"><figure class=\"aligncenter size-large is-resized\"><img src=\"https:\/\/pizza-hyeres.com\/wp-content\/uploads\/2021\/10\/DSC_1118bis-Copie-Grand-1024x683.jpg\" alt=\"\" class=\"wp-image-918\" width=\"768\" srcset=\"https:\/\/pizza-hyeres.com\/wp-content\/uploads\/2021\/10\/DSC_1118bis-Copie-Grand-1024x683.jpg 1024w, https:\/\/pizza-hyeres.com\/wp-content\/uploads\/2021\/10\/DSC_1118bis-Copie-Grand-300x200.jpg 300w, https:\/\/pizza-hyeres.com\/wp-content\/uploads\/2021\/10\/DSC_1118bis-Copie-Grand-768x512.jpg 768w, https:\/\/pizza-hyeres.com\/wp-content\/uploads\/2021\/10\/DSC_1118bis-Copie-Grand-1536x1024.jpg 1536w, https:\/\/pizza-hyeres.com\/wp-content\/uploads\/2021\/10\/DSC_1118bis-Copie-Grand.jpg 1620w\" sizes=\"(max-width: 1024px) 100vw, 1024px\" \/><\/figure><\/div>\n\n\n\n<div class=\"wp-block-button aligncenter\"><a class=\"wp-block-button__link has-background\" href=\"https:\/\/pizza-hyeres.com\/index.php\/pizzeria-le-jardin-de-manon\/\" style=\"background:linear-gradient(135deg,rgb(254,205,165) 0%,rgb(254,45,45) 50%,rgb(107,0,2) 100%)\"><strong> <strong>ACCES \/ CONTACT \/ CARTE<\/strong> <\/strong><\/a><\/div>\n\n\n\n<div style=\"height:100px\" aria-hidden=\"true\" class=\"wp-block-spacer\"><\/div>\n","protected":false},"excerpt":{"rendered":"<p>DECOUVREZ NOS PIZZERIAS A HYERES &amp; LA LONDE L&#8217;AYGUADE, LA BERGERIE, LA BADINE, LA TOUR FONDUE, LE PORT DE LA GAVINE, LE CENTRE VILLE DE HYERES et LE CENTRE VILLE DE LA LONDE -o- A PROPOS DE PIZZA BRUNO -o- Envie de d\u00e9guster une d\u00e9licieuse pizza cuite au feu de bois \u00e0 2 pas des [&hellip;]<\/p>\n","protected":false},"author":1,"featured_media":0,"parent":0,"menu_order":0,"comment_status":"closed","ping_status":"closed","template":"","meta":[],"_links":{"self":[{"href":"https:\/\/pizza-hyeres.com\/index.php\/wp-json\/wp\/v2\/pages\/2"}],"collection":[{"href":"https:\/\/pizza-hyeres.com\/index.php\/wp-json\/wp\/v2\/pages"}],"about":[{"href":"https:\/\/pizza-hyeres.com\/index.php\/wp-json\/wp\/v2\/types\/page"}],"author":[{"embeddable":true,"href":"https:\/\/pizza-hyeres.com\/index.php\/wp-json\/wp\/v2\/users\/1"}],"replies":[{"embeddable":true,"href":"https:\/\/pizza-hyeres.com\/index.php\/wp-json\/wp\/v2\/comments?post=2"}],"version-history":[{"count":171,"href":"https:\/\/pizza-hyeres.com\/index.php\/wp-json\/wp\/v2\/pages\/2\/revisions"}],"predecessor-version":[{"id":1171,"href":"https:\/\/pizza-hyeres.com\/index.php\/wp-json\/wp\/v2\/pages\/2\/revisions\/1171"}],"wp:attachment":[{"href":"https:\/\/pizza-hyeres.com\/index.php\/wp-json\/wp\/v2\/media?parent=2"}],"curies":[{"name":"wp","href":"https:\/\/api.w.org\/{rel}","templated":true}]}}