{"id":1101,"date":"2023-05-31T16:02:29","date_gmt":"2023-05-31T14:02:29","guid":{"rendered":"https:\/\/pizza-hyeres.com\/?page_id=1101"},"modified":"2025-08-01T13:33:10","modified_gmt":"2025-08-01T11:33:10","slug":"pizza-bruno-la-londe","status":"publish","type":"page","link":"https:\/\/pizza-hyeres.com\/index.php\/pizza-bruno-la-londe\/","title":{"rendered":"PIZZA BRUNO LA LONDE"},"content":{"rendered":"\n<p class=\"has-text-align-center\">Notre pizzeria Bruno est situ\u00e9e dans la ville de La Londe, vente \u00e0 emporter uniquement.<\/p>\n\n\n\n<p class=\"has-text-align-center\">Ouvert du mardi au dimanche de 17h \u00e0 22h30<\/p>\n\n\n\n<div class=\"wp-block-buttons is-content-justification-center\">\n<div class=\"wp-block-button\"><a class=\"wp-block-button__link has-white-color has-vivid-red-background-color has-text-color has-background\" href=\"https:\/\/pizza-hyeres.com\/index.php\/carte-pizzerias-bruno\/ \"><strong>CONSULTER LA CARTE<\/strong><\/a><\/div>\n<\/div>\n\n\n\n<hr class=\"wp-block-separator is-style-wide\"\/>\n\n\n\n<h2 class=\"has-text-align-center has-luminous-vivid-amber-color has-text-color\">PHOTOS<\/h2>\n\n\n\n<figure class=\"wp-block-gallery columns-3 is-cropped\"><ul class=\"blocks-gallery-grid\"><li class=\"blocks-gallery-item\"><figure><img loading=\"lazy\" width=\"1024\" height=\"678\" src=\"http:\/\/pizza-hyeres.com\/wp-content\/uploads\/2019\/10\/DSC_2068-Medium-1024x678.jpg\" alt=\"\" data-id=\"162\" data-link=\"http:\/\/pizza-hyeres.com\/index.php\/pizza-la-bergerie-giens\/dsc_2068-medium\/\" class=\"wp-image-162\" srcset=\"https:\/\/pizza-hyeres.com\/wp-content\/uploads\/2019\/10\/DSC_2068-Medium-1024x678.jpg 1024w, https:\/\/pizza-hyeres.com\/wp-content\/uploads\/2019\/10\/DSC_2068-Medium-300x199.jpg 300w, https:\/\/pizza-hyeres.com\/wp-content\/uploads\/2019\/10\/DSC_2068-Medium-768x508.jpg 768w, https:\/\/pizza-hyeres.com\/wp-content\/uploads\/2019\/10\/DSC_2068-Medium.jpg 1160w\" sizes=\"(max-width: 1024px) 100vw, 1024px\" \/><\/figure><\/li><li class=\"blocks-gallery-item\"><figure><img loading=\"lazy\" width=\"1024\" height=\"678\" src=\"http:\/\/pizza-hyeres.com\/wp-content\/uploads\/2019\/10\/DSC_2103-Medium-1024x678.jpg\" alt=\"\" data-id=\"166\" data-link=\"http:\/\/pizza-hyeres.com\/index.php\/pizza-la-bergerie-giens\/dsc_2103-medium\/\" class=\"wp-image-166\" srcset=\"https:\/\/pizza-hyeres.com\/wp-content\/uploads\/2019\/10\/DSC_2103-Medium-1024x678.jpg 1024w, https:\/\/pizza-hyeres.com\/wp-content\/uploads\/2019\/10\/DSC_2103-Medium-300x199.jpg 300w, https:\/\/pizza-hyeres.com\/wp-content\/uploads\/2019\/10\/DSC_2103-Medium-768x508.jpg 768w, https:\/\/pizza-hyeres.com\/wp-content\/uploads\/2019\/10\/DSC_2103-Medium.jpg 1160w\" sizes=\"(max-width: 1024px) 100vw, 1024px\" \/><\/figure><\/li><li class=\"blocks-gallery-item\"><figure><img loading=\"lazy\" width=\"1024\" height=\"678\" src=\"http:\/\/pizza-hyeres.com\/wp-content\/uploads\/2019\/10\/DSC_2109-Medium-1024x678.jpg\" alt=\"\" data-id=\"167\" data-link=\"http:\/\/pizza-hyeres.com\/index.php\/pizza-la-bergerie-giens\/dsc_2109-medium\/\" class=\"wp-image-167\" srcset=\"https:\/\/pizza-hyeres.com\/wp-content\/uploads\/2019\/10\/DSC_2109-Medium-1024x678.jpg 1024w, https:\/\/pizza-hyeres.com\/wp-content\/uploads\/2019\/10\/DSC_2109-Medium-300x199.jpg 300w, https:\/\/pizza-hyeres.com\/wp-content\/uploads\/2019\/10\/DSC_2109-Medium-768x508.jpg 768w, https:\/\/pizza-hyeres.com\/wp-content\/uploads\/2019\/10\/DSC_2109-Medium.jpg 1160w\" sizes=\"(max-width: 1024px) 100vw, 1024px\" \/><\/figure><\/li><li class=\"blocks-gallery-item\"><figure><img loading=\"lazy\" width=\"1024\" height=\"648\" src=\"https:\/\/pizza-hyeres.com\/wp-content\/uploads\/2023\/05\/rue-hector-berlioz-la-londe-pizza-bruno-1024x648.png\" alt=\"\" data-id=\"1102\" data-full-url=\"https:\/\/pizza-hyeres.com\/wp-content\/uploads\/2023\/05\/rue-hector-berlioz-la-londe-pizza-bruno.png\" data-link=\"https:\/\/pizza-hyeres.com\/?attachment_id=1102\" class=\"wp-image-1102\" srcset=\"https:\/\/pizza-hyeres.com\/wp-content\/uploads\/2023\/05\/rue-hector-berlioz-la-londe-pizza-bruno-1024x648.png 1024w, https:\/\/pizza-hyeres.com\/wp-content\/uploads\/2023\/05\/rue-hector-berlioz-la-londe-pizza-bruno-300x190.png 300w, https:\/\/pizza-hyeres.com\/wp-content\/uploads\/2023\/05\/rue-hector-berlioz-la-londe-pizza-bruno-768x486.png 768w, https:\/\/pizza-hyeres.com\/wp-content\/uploads\/2023\/05\/rue-hector-berlioz-la-londe-pizza-bruno.png 1366w\" sizes=\"(max-width: 1024px) 100vw, 1024px\" \/><\/figure><\/li><li class=\"blocks-gallery-item\"><figure><img loading=\"lazy\" width=\"1024\" height=\"683\" src=\"https:\/\/pizza-hyeres.com\/wp-content\/uploads\/2023\/05\/DSC_6544-1024x683.jpg\" alt=\"\" data-id=\"1097\" data-link=\"https:\/\/pizza-hyeres.com\/index.php\/pizza-bruno-centre-ville-hyeres\/dsc_6544\/\" class=\"wp-image-1097\" srcset=\"https:\/\/pizza-hyeres.com\/wp-content\/uploads\/2023\/05\/DSC_6544-1024x683.jpg 1024w, https:\/\/pizza-hyeres.com\/wp-content\/uploads\/2023\/05\/DSC_6544-300x200.jpg 300w, https:\/\/pizza-hyeres.com\/wp-content\/uploads\/2023\/05\/DSC_6544-768x512.jpg 768w, https:\/\/pizza-hyeres.com\/wp-content\/uploads\/2023\/05\/DSC_6544-1536x1025.jpg 1536w, https:\/\/pizza-hyeres.com\/wp-content\/uploads\/2023\/05\/DSC_6544-2048x1367.jpg 2048w\" sizes=\"(max-width: 1024px) 100vw, 1024px\" \/><\/figure><\/li><li class=\"blocks-gallery-item\"><figure><img loading=\"lazy\" width=\"1024\" height=\"683\" src=\"https:\/\/pizza-hyeres.com\/wp-content\/uploads\/2023\/05\/z-DSC_1837-1024x683.jpg\" alt=\"\" data-id=\"1098\" data-link=\"https:\/\/pizza-hyeres.com\/index.php\/pizza-bruno-centre-ville-hyeres\/z-dsc_1837\/\" class=\"wp-image-1098\" srcset=\"https:\/\/pizza-hyeres.com\/wp-content\/uploads\/2023\/05\/z-DSC_1837-1024x683.jpg 1024w, https:\/\/pizza-hyeres.com\/wp-content\/uploads\/2023\/05\/z-DSC_1837-300x200.jpg 300w, https:\/\/pizza-hyeres.com\/wp-content\/uploads\/2023\/05\/z-DSC_1837-768x512.jpg 768w, https:\/\/pizza-hyeres.com\/wp-content\/uploads\/2023\/05\/z-DSC_1837-1536x1024.jpg 1536w, https:\/\/pizza-hyeres.com\/wp-content\/uploads\/2023\/05\/z-DSC_1837-2048x1365.jpg 2048w\" sizes=\"(max-width: 1024px) 100vw, 1024px\" \/><\/figure><\/li><li class=\"blocks-gallery-item\"><figure><img loading=\"lazy\" width=\"1024\" height=\"683\" src=\"https:\/\/pizza-hyeres.com\/wp-content\/uploads\/2023\/05\/DSC_1282-1024x683.jpg\" alt=\"\" data-id=\"1099\" data-link=\"https:\/\/pizza-hyeres.com\/index.php\/pizza-bruno-centre-ville-hyeres\/dsc_1282\/\" class=\"wp-image-1099\" srcset=\"https:\/\/pizza-hyeres.com\/wp-content\/uploads\/2023\/05\/DSC_1282-1024x683.jpg 1024w, https:\/\/pizza-hyeres.com\/wp-content\/uploads\/2023\/05\/DSC_1282-300x200.jpg 300w, https:\/\/pizza-hyeres.com\/wp-content\/uploads\/2023\/05\/DSC_1282-768x512.jpg 768w, https:\/\/pizza-hyeres.com\/wp-content\/uploads\/2023\/05\/DSC_1282-1536x1024.jpg 1536w, https:\/\/pizza-hyeres.com\/wp-content\/uploads\/2023\/05\/DSC_1282-2048x1365.jpg 2048w\" sizes=\"(max-width: 1024px) 100vw, 1024px\" \/><\/figure><\/li><\/ul><\/figure>\n\n\n\n<hr class=\"wp-block-separator is-style-wide\"\/>\n\n\n\n<h2 class=\"has-text-align-center has-luminous-vivid-amber-color has-text-color\">CONTACT \/ ACC\u00c8S<\/h2>\n\n\n\n<p class=\"has-text-align-center has-text-color has-background has-medium-font-size has-vivid-white-background-color\">PIZZERIA BRUNO LA LONDE<br>555 RUE HECTOR BERLIOZ<br>83250 LA LONDE<\/p>\n\n\n\n<div class=\"wp-block-buttons is-content-justification-center\">\n<div class=\"wp-block-button has-custom-font-size has-medium-font-size\"><a class=\"wp-block-button__link has-background\" style=\"background:linear-gradient(135deg,rgb(254,205,165) 0%,rgb(254,45,45) 50%,rgb(107,0,2) 97%)\"><strong> Tel&nbsp;: 09.55.70.47.26 <\/strong><\/a><\/div>\n<\/div>\n\n\n\n<hr class=\"wp-block-separator is-style-wide\"\/>\n\n\n\n<h2 class=\"has-text-align-center has-luminous-vivid-amber-color has-text-color\">COMMENT S&#8217;Y RENDRE<\/h2>\n\n\n\n<p class=\"has-text-align-center\">Pour vous rendre \u00e0 notre Pizzeria Bruno de La Londe :<\/p>\n\n\n\n<iframe loading=\"lazy\" src=\"https:\/\/www.google.fr\/maps\/d\/u\/0\/embed?mid=1xnEdEP8h5INBRG_GJGE1oIvkNceb968&#038;ehbc=2E312F\" width=\"640\" height=\"480\"><\/iframe>\n\n\n\n<p><\/p>\n","protected":false},"excerpt":{"rendered":"<p>Notre pizzeria Bruno est situ\u00e9e dans la ville de La Londe, vente \u00e0 emporter uniquement. Ouvert du mardi au dimanche de 17h \u00e0 22h30 PHOTOS CONTACT \/ ACC\u00c8S PIZZERIA BRUNO LA LONDE555 RUE HECTOR BERLIOZ83250 LA LONDE COMMENT S&#8217;Y RENDRE Pour vous rendre \u00e0 notre Pizzeria Bruno de La Londe :<\/p>\n","protected":false},"author":1,"featured_media":0,"parent":0,"menu_order":0,"comment_status":"closed","ping_status":"closed","template":"","meta":[],"_links":{"self":[{"href":"https:\/\/pizza-hyeres.com\/index.php\/wp-json\/wp\/v2\/pages\/1101"}],"collection":[{"href":"https:\/\/pizza-hyeres.com\/index.php\/wp-json\/wp\/v2\/pages"}],"about":[{"href":"https:\/\/pizza-hyeres.com\/index.php\/wp-json\/wp\/v2\/types\/page"}],"author":[{"embeddable":true,"href":"https:\/\/pizza-hyeres.com\/index.php\/wp-json\/wp\/v2\/users\/1"}],"replies":[{"embeddable":true,"href":"https:\/\/pizza-hyeres.com\/index.php\/wp-json\/wp\/v2\/comments?post=1101"}],"version-history":[{"count":4,"href":"https:\/\/pizza-hyeres.com\/index.php\/wp-json\/wp\/v2\/pages\/1101\/revisions"}],"predecessor-version":[{"id":1174,"href":"https:\/\/pizza-hyeres.com\/index.php\/wp-json\/wp\/v2\/pages\/1101\/revisions\/1174"}],"wp:attachment":[{"href":"https:\/\/pizza-hyeres.com\/index.php\/wp-json\/wp\/v2\/media?parent=1101"}],"curies":[{"name":"wp","href":"https:\/\/api.w.org\/{rel}","templated":true}]}}